{"id":5900,"date":"2026-03-19T13:58:52","date_gmt":"2026-03-19T13:58:52","guid":{"rendered":"https:\/\/reviens-y.fr\/produit\/affiche-le-chemin-de-compostelle\/"},"modified":"2026-03-19T13:59:01","modified_gmt":"2026-03-19T13:59:01","slug":"affiche-le-chemin-de-compostelle","status":"publish","type":"product","link":"https:\/\/reviens-y.fr\/en\/product\/affiche-le-chemin-de-compostelle\/","title":{"rendered":"Affiche <br> Le chemin de Compostelle"},"content":{"rendered":"<p>Craquez pour ce visuel r\u00e9tro Compostelle ! Cette illustration vintage met en sc\u00e8ne une adorable coquille Saint-Jacques mascotte en marche, arborant un style cartoon nostalgique. Avec son b\u00e2ton de p\u00e8lerin et son joyeux message Buen Camino, ce design Santiago Club original c\u00e9l\u00e8bre le Chemin de Saint-Jacques avec une touche d\u2019humour et d\u2019authenticit\u00e9.<br \/>\n\u2013<br \/>\nApportez une touche unique \u00e0 votre int\u00e9rieur avec cette affiche imprim\u00e9e en jet d\u2019encre multicolore \u00e0 base d\u2019eau, offrant un rendu pr\u00e9cis, des couleurs profondes et une finition mate \u00e9l\u00e9gante. Chaque affiche est r\u00e9alis\u00e9e sur un papier de qualit\u00e9 sup\u00e9rieure, con\u00e7u pour r\u00e9sister au temps et conserver toute sa luminosit\u00e9.<br \/>\nDisponible en deux formats : 30\u00d740 cm et 50\u00d770 cm ; elle s\u2019int\u00e8gre facilement dans tout type d\u2019espace, du bureau au salon, en passant par la chambre.<\/p>\n<p>\u2013 Technique d\u2019impression : jet d\u2019encre multicolore \u00e0 base d\u2019eau<br \/>\n\u2013 Finition : mate (absorbant la lumi\u00e8re, sans reflet)<br \/>\n\u2013 Type de papier : Couch\u00e9 premium<br \/>\n\u2013 \u00c9paisseur : 0,145 mm<br \/>\n\u2013 Grammage : 170 g\/m\u00b2<br \/>\n\u2013 Opacit\u00e9 : 97,5 %<br \/>\n\u2013 Luminosit\u00e9 ISO : 38 %<br \/>\n\u2013 Origine du papier : Japon<br \/>\n\u2013 Formats disponibles :<br \/>\n\u2022 30 \u00d7 40 cm<br \/>\n\u2022 50 \u00d7 70 cm<\/p>","protected":false},"excerpt":{"rendered":"<p>Craquez pour ce visuel r\u00e9tro Compostelle ! Cette illustration vintage met en sc\u00e8ne une adorable coquille Saint-Jacques mascotte en marche, arborant un style cartoon nostalgique. Avec son b\u00e2ton de p\u00e8lerin et son joyeux message Buen Camino, ce design Santiago Club original c\u00e9l\u00e8bre le Chemin de Saint-Jacques avec une touche d\u2019humour et d\u2019authenticit\u00e9. \u2013 Apportez une [&hellip;]<\/p>\n","protected":false},"featured_media":5903,"comment_status":"open","ping_status":"closed","template":"","meta":{"_acf_changed":false},"product_brand":[],"product_cat":[94,140,141],"product_tag":[],"class_list":{"0":"post-5900","1":"product","2":"type-product","3":"status-publish","4":"has-post-thumbnail","6":"product_cat-affiches","7":"product_cat-figeac","8":"product_cat-le-chemin-de-compostelle","10":"first","11":"instock","12":"taxable","13":"shipping-taxable","14":"purchasable","15":"product-type-variable"},"acf":[],"_links":{"self":[{"href":"https:\/\/reviens-y.fr\/en\/wp-json\/wp\/v2\/product\/5900","targetHints":{"allow":["GET"]}}],"collection":[{"href":"https:\/\/reviens-y.fr\/en\/wp-json\/wp\/v2\/product"}],"about":[{"href":"https:\/\/reviens-y.fr\/en\/wp-json\/wp\/v2\/types\/product"}],"replies":[{"embeddable":true,"href":"https:\/\/reviens-y.fr\/en\/wp-json\/wp\/v2\/comments?post=5900"}],"wp:featuredmedia":[{"embeddable":true,"href":"https:\/\/reviens-y.fr\/en\/wp-json\/wp\/v2\/media\/5903"}],"wp:attachment":[{"href":"https:\/\/reviens-y.fr\/en\/wp-json\/wp\/v2\/media?parent=5900"}],"wp:term":[{"taxonomy":"product_brand","embeddable":true,"href":"https:\/\/reviens-y.fr\/en\/wp-json\/wp\/v2\/product_brand?post=5900"},{"taxonomy":"product_cat","embeddable":true,"href":"https:\/\/reviens-y.fr\/en\/wp-json\/wp\/v2\/product_cat?post=5900"},{"taxonomy":"product_tag","embeddable":true,"href":"https:\/\/reviens-y.fr\/en\/wp-json\/wp\/v2\/product_tag?post=5900"}],"curies":[{"name":"wp","href":"https:\/\/api.w.org\/{rel}","templated":true}]}}