{"id":5909,"date":"2026-03-19T14:41:49","date_gmt":"2026-03-19T14:41:49","guid":{"rendered":"https:\/\/reviens-y.fr\/produit\/t-shirt-unisexe-la-ville-de-figeac\/"},"modified":"2026-03-19T14:41:59","modified_gmt":"2026-03-19T14:41:59","slug":"t-shirt-unisexe-la-ville-de-figeac","status":"publish","type":"product","link":"https:\/\/reviens-y.fr\/en\/product\/t-shirt-unisexe-la-ville-de-figeac\/","title":{"rendered":"T-shirt unisex <br> La ville de Figeac"},"content":{"rendered":"<p>Explorez le charme de Figeac avec cette affiche illustr\u00e9e. Ce design r\u00e9tro, type Art D\u00e9co, capture une vue ensoleill\u00e9e du village m\u00e9di\u00e9val du Quercy. L&rsquo;\u0153uvre en art vectoriel met en lumi\u00e8re les toits en tuiles terre cuite, les ruelles \u00e9troites pav\u00e9es et le clocher embl\u00e9matique se d\u00e9coupant sur les collines verdoyantes. Le texte \u00ab\u00a0FIGEAC\u00a0\u00bb et \u00ab\u00a0QUERCY\u00a0\u00bb compl\u00e8te cette composition aux couleurs riches et satur\u00e9es.<br \/>\n&#8211;<br \/>\nT-shirt unisexe en coton, con\u00e7u pour un usage quotidien. Sa coupe r\u00e9guli\u00e8re facilite les mouvements, tandis que son tissu conserve sa forme lavage apr\u00e8s lavage. L\u00e9ger \u00e0 porter et simple \u00e0 entretenir, il convient \u00e0 toutes les saisons et s\u2019adapte \u00e0 diff\u00e9rents styles.<\/p>\n<p>\u2022 170\u2013180 g\/m\u00b2<br \/>\n\u2022 Fabrication tubulaire sans coutures lat\u00e9rales<br \/>\n\u2022 Coutures renforc\u00e9es et bande de propret\u00e9 au col et aux \u00e9paules<br \/>\n\u2022 Composition : 100 % coton ou Sport Grey (90 % coton, 10 % polyester)<br \/>\n\u2022 Lavage en machine \u00e0 30\u00b0C<br \/>\n\u2022 Sans polyester recycl\u00e9 ni substances dangereuses<br \/>\n\u2022 Le blanc peut pr\u00e9senter un aspect blanc cass\u00e9 naturel<\/p>","protected":false},"excerpt":{"rendered":"<p>Explorez le charme de Figeac avec cette affiche illustr\u00e9e. Ce design r\u00e9tro, type Art D\u00e9co, capture une vue ensoleill\u00e9e du village m\u00e9di\u00e9val du Quercy. L&rsquo;\u0153uvre en art vectoriel met en lumi\u00e8re les toits en tuiles terre cuite, les ruelles \u00e9troites pav\u00e9es et le clocher embl\u00e9matique se d\u00e9coupant sur les collines verdoyantes. Le texte \u00ab\u00a0FIGEAC\u00a0\u00bb et [&hellip;]<\/p>\n","protected":false},"featured_media":5914,"comment_status":"open","ping_status":"closed","template":"","meta":{"_acf_changed":false},"product_brand":[],"product_cat":[140,142,68],"product_tag":[],"class_list":{"0":"post-5909","1":"product","2":"type-product","3":"status-publish","4":"has-post-thumbnail","6":"product_cat-figeac","7":"product_cat-la-ville-de-figeac","8":"product_cat-t-shirts","10":"first","11":"instock","12":"taxable","13":"shipping-taxable","14":"purchasable","15":"product-type-variable"},"acf":[],"_links":{"self":[{"href":"https:\/\/reviens-y.fr\/en\/wp-json\/wp\/v2\/product\/5909","targetHints":{"allow":["GET"]}}],"collection":[{"href":"https:\/\/reviens-y.fr\/en\/wp-json\/wp\/v2\/product"}],"about":[{"href":"https:\/\/reviens-y.fr\/en\/wp-json\/wp\/v2\/types\/product"}],"replies":[{"embeddable":true,"href":"https:\/\/reviens-y.fr\/en\/wp-json\/wp\/v2\/comments?post=5909"}],"wp:featuredmedia":[{"embeddable":true,"href":"https:\/\/reviens-y.fr\/en\/wp-json\/wp\/v2\/media\/5914"}],"wp:attachment":[{"href":"https:\/\/reviens-y.fr\/en\/wp-json\/wp\/v2\/media?parent=5909"}],"wp:term":[{"taxonomy":"product_brand","embeddable":true,"href":"https:\/\/reviens-y.fr\/en\/wp-json\/wp\/v2\/product_brand?post=5909"},{"taxonomy":"product_cat","embeddable":true,"href":"https:\/\/reviens-y.fr\/en\/wp-json\/wp\/v2\/product_cat?post=5909"},{"taxonomy":"product_tag","embeddable":true,"href":"https:\/\/reviens-y.fr\/en\/wp-json\/wp\/v2\/product_tag?post=5909"}],"curies":[{"name":"wp","href":"https:\/\/api.w.org\/{rel}","templated":true}]}}