{"id":5916,"date":"2026-03-19T14:47:01","date_gmt":"2026-03-19T14:47:01","guid":{"rendered":"https:\/\/reviens-y.fr\/produit\/sweat-unisexe-la-ville-de-figeac\/"},"modified":"2026-03-19T14:47:11","modified_gmt":"2026-03-19T14:47:11","slug":"sweat-unisexe-la-ville-de-figeac","status":"publish","type":"product","link":"https:\/\/reviens-y.fr\/en\/product\/sweat-unisexe-la-ville-de-figeac\/","title":{"rendered":"Unisex sweatshirt <br> La ville de Figeac"},"content":{"rendered":"<p>Explorez le charme de Figeac avec cette affiche illustr\u00e9e. Ce design r\u00e9tro, type Art D\u00e9co, capture une vue ensoleill\u00e9e du village m\u00e9di\u00e9val du Quercy. L\u2019\u0153uvre en art vectoriel met en lumi\u00e8re les toits en tuiles terre cuite, les ruelles \u00e9troites pav\u00e9es et le clocher embl\u00e9matique se d\u00e9coupant sur les collines verdoyantes. Le texte \u00ab FIGEAC \u00bb et \u00ab QUERCY \u00bb compl\u00e8te cette composition aux couleurs riches et satur\u00e9es.<br \/>\n\u2013<br \/>\nSweat-shirt unisexe en coton et polyester, con\u00e7u pour offrir douceur et chaleur au quotidien. Sa coupe classique et son col en tricot c\u00f4tel\u00e9 assurent un bon maintien, tandis que la conception quart-de-tour \u00e9vite le pli central. Facile \u00e0 entretenir, il conserve sa forme lavage apr\u00e8s lavage.<\/p>\n<p>\u2022 271 g\/m\u00b2<br \/>\n\u2022 50 % coton, 50 % polyester<br \/>\n\u2022 Tissu pr\u00e9r\u00e9tr\u00e9ci, fil\u00e9 par jet d\u2019air pour un toucher doux<br \/>\n\u2022 Col, \u00e9paules, emmanchures, poignets et ourlet \u00e0 couture double<br \/>\n\u2022 Col en tricot c\u00f4tel\u00e9 1\u00d71 avec \u00e9lasthanne<br \/>\n\u2022 Quart-de-tour pour \u00e9viter un pli au milieu<br \/>\n\u2022 Le blanc peut appara\u00eetre blanc cass\u00e9 naturel<\/p>","protected":false},"excerpt":{"rendered":"<p>Explorez le charme de Figeac avec cette affiche illustr\u00e9e. Ce design r\u00e9tro, type Art D\u00e9co, capture une vue ensoleill\u00e9e du village m\u00e9di\u00e9val du Quercy. L\u2019\u0153uvre en art vectoriel met en lumi\u00e8re les toits en tuiles terre cuite, les ruelles \u00e9troites pav\u00e9es et le clocher embl\u00e9matique se d\u00e9coupant sur les collines verdoyantes. Le texte \u00ab FIGEAC [&hellip;]<\/p>\n","protected":false},"featured_media":5921,"comment_status":"open","ping_status":"closed","template":"","meta":{"_acf_changed":false},"product_brand":[],"product_cat":[140,142,70],"product_tag":[],"class_list":{"0":"post-5916","1":"product","2":"type-product","3":"status-publish","4":"has-post-thumbnail","6":"product_cat-figeac","7":"product_cat-la-ville-de-figeac","8":"product_cat-sweats","10":"first","11":"instock","12":"taxable","13":"shipping-taxable","14":"purchasable","15":"product-type-variable"},"acf":[],"_links":{"self":[{"href":"https:\/\/reviens-y.fr\/en\/wp-json\/wp\/v2\/product\/5916","targetHints":{"allow":["GET"]}}],"collection":[{"href":"https:\/\/reviens-y.fr\/en\/wp-json\/wp\/v2\/product"}],"about":[{"href":"https:\/\/reviens-y.fr\/en\/wp-json\/wp\/v2\/types\/product"}],"replies":[{"embeddable":true,"href":"https:\/\/reviens-y.fr\/en\/wp-json\/wp\/v2\/comments?post=5916"}],"wp:featuredmedia":[{"embeddable":true,"href":"https:\/\/reviens-y.fr\/en\/wp-json\/wp\/v2\/media\/5921"}],"wp:attachment":[{"href":"https:\/\/reviens-y.fr\/en\/wp-json\/wp\/v2\/media?parent=5916"}],"wp:term":[{"taxonomy":"product_brand","embeddable":true,"href":"https:\/\/reviens-y.fr\/en\/wp-json\/wp\/v2\/product_brand?post=5916"},{"taxonomy":"product_cat","embeddable":true,"href":"https:\/\/reviens-y.fr\/en\/wp-json\/wp\/v2\/product_cat?post=5916"},{"taxonomy":"product_tag","embeddable":true,"href":"https:\/\/reviens-y.fr\/en\/wp-json\/wp\/v2\/product_tag?post=5916"}],"curies":[{"name":"wp","href":"https:\/\/api.w.org\/{rel}","templated":true}]}}