{"id":5930,"date":"2026-03-19T14:54:22","date_gmt":"2026-03-19T14:54:22","guid":{"rendered":"https:\/\/reviens-y.fr\/produit\/casquette-la-ville-de-figeac\/"},"modified":"2026-03-19T14:54:30","modified_gmt":"2026-03-19T14:54:30","slug":"casquette-la-ville-de-figeac","status":"publish","type":"product","link":"https:\/\/reviens-y.fr\/en\/product\/casquette-la-ville-de-figeac\/","title":{"rendered":"Cap <br> La ville de Figeac"},"content":{"rendered":"<p>Explorez le charme de Figeac avec cette affiche illustr\u00e9e. Ce design r\u00e9tro, type Art D\u00e9co, capture une vue ensoleill\u00e9e du village m\u00e9di\u00e9val du Quercy. L\u2019\u0153uvre en art vectoriel met en lumi\u00e8re les toits en tuiles terre cuite, les ruelles \u00e9troites pav\u00e9es et le clocher embl\u00e9matique se d\u00e9coupant sur les collines verdoyantes. Le texte \u00ab FIGEAC \u00bb et \u00ab QUERCY \u00bb compl\u00e8te cette composition aux couleurs riches et satur\u00e9es.<br \/>\n\u2013<br \/>\nUnisex cap with a curved visor, combining comfort and style for everyday wear. Its unstructured shape and adjustable strap allow for easy fitting, while its twill cotton fabric offers great durability over time.<\/p>\n<p>\u2022 100% chino cotton twill<br \/>\n\u2022 Unstructured, low-profile, flat visor<br \/>\n\u2022 6 embroidered eyelets<br \/>\n\u2022 Couronne de 3 \u215b \u00bb<br \/>\n\u2022 Adjustable strap with antique-style metal buckle<\/p>","protected":false},"excerpt":{"rendered":"<p>Explorez le charme de Figeac avec cette affiche illustr\u00e9e. Ce design r\u00e9tro, type Art D\u00e9co, capture une vue ensoleill\u00e9e du village m\u00e9di\u00e9val du Quercy. L\u2019\u0153uvre en art vectoriel met en lumi\u00e8re les toits en tuiles terre cuite, les ruelles \u00e9troites pav\u00e9es et le clocher embl\u00e9matique se d\u00e9coupant sur les collines verdoyantes. Le texte \u00ab FIGEAC [&hellip;]<\/p>\n","protected":false},"featured_media":5931,"comment_status":"open","ping_status":"closed","template":"","meta":{"_acf_changed":false},"product_brand":[],"product_cat":[71,140,142],"product_tag":[],"class_list":{"0":"post-5930","1":"product","2":"type-product","3":"status-publish","4":"has-post-thumbnail","6":"product_cat-casquettes","7":"product_cat-figeac","8":"product_cat-la-ville-de-figeac","10":"first","11":"instock","12":"taxable","13":"shipping-taxable","14":"purchasable","15":"product-type-simple"},"acf":[],"_links":{"self":[{"href":"https:\/\/reviens-y.fr\/en\/wp-json\/wp\/v2\/product\/5930","targetHints":{"allow":["GET"]}}],"collection":[{"href":"https:\/\/reviens-y.fr\/en\/wp-json\/wp\/v2\/product"}],"about":[{"href":"https:\/\/reviens-y.fr\/en\/wp-json\/wp\/v2\/types\/product"}],"replies":[{"embeddable":true,"href":"https:\/\/reviens-y.fr\/en\/wp-json\/wp\/v2\/comments?post=5930"}],"wp:featuredmedia":[{"embeddable":true,"href":"https:\/\/reviens-y.fr\/en\/wp-json\/wp\/v2\/media\/5931"}],"wp:attachment":[{"href":"https:\/\/reviens-y.fr\/en\/wp-json\/wp\/v2\/media?parent=5930"}],"wp:term":[{"taxonomy":"product_brand","embeddable":true,"href":"https:\/\/reviens-y.fr\/en\/wp-json\/wp\/v2\/product_brand?post=5930"},{"taxonomy":"product_cat","embeddable":true,"href":"https:\/\/reviens-y.fr\/en\/wp-json\/wp\/v2\/product_cat?post=5930"},{"taxonomy":"product_tag","embeddable":true,"href":"https:\/\/reviens-y.fr\/en\/wp-json\/wp\/v2\/product_tag?post=5930"}],"curies":[{"name":"wp","href":"https:\/\/api.w.org\/{rel}","templated":true}]}}