{"id":5934,"date":"2026-03-19T15:20:45","date_gmt":"2026-03-19T15:20:45","guid":{"rendered":"https:\/\/reviens-y.fr\/produit\/tote-bag-coton-bio-la-croisiere-en-gabare-3\/"},"modified":"2026-03-19T15:21:00","modified_gmt":"2026-03-19T15:21:00","slug":"tote-bag-coton-bio-la-croisiere-en-gabare-3","status":"publish","type":"product","link":"https:\/\/reviens-y.fr\/en\/product\/tote-bag-coton-bio-la-croisiere-en-gabare-3\/","title":{"rendered":"Tote Bag coton Bio <br> La croisi\u00e8re en Gabare"},"content":{"rendered":"<p>Explorez le charme de Figeac avec cette affiche illustr\u00e9e. Ce design r\u00e9tro, type Art D\u00e9co, capture une vue ensoleill\u00e9e du village m\u00e9di\u00e9val du Quercy. L\u2019\u0153uvre en art vectoriel met en lumi\u00e8re les toits en tuiles terre cuite, les ruelles \u00e9troites pav\u00e9es et le clocher embl\u00e9matique se d\u00e9coupant sur les collines verdoyantes. Le texte \u00ab FIGEAC \u00bb et \u00ab QUERCY \u00bb compl\u00e8te cette composition aux couleurs riches et satur\u00e9es.<br \/>\n\u2013<br \/>\nTote bag en coton biologique robuste et pratique, id\u00e9al pour les courses, les livres ou un usage quotidien. Sa grande capacit\u00e9 et ses anses longues assurent confort et polyvalence, tout en garantissant un impact environnemental r\u00e9duit gr\u00e2ce \u00e0 sa fabrication certifi\u00e9e.<\/p>\n<p>\u2022 100 % coton biologique certifi\u00e9 serg\u00e9 3\/1<br \/>\n\u2022 272 g\/m\u00b2<br \/>\n\u2022 Dimensions : 40,6 \u00d7 35,6 \u00d7 12,7 cm<br \/>\n\u2022 Anses de 2,5 cm de large, longueur 62,2 cm<br \/>\n\u2022 Capacit\u00e9 maximale : 13,6 kg<br \/>\n\u2022 Compartiment principal ouvert<br \/>\n\u2022 Certifi\u00e9 GOTS et OCS pour son contenu en coton bio<br \/>\n\u2022 Certifi\u00e9 OEKO-TEX Standard 100 et approuv\u00e9 vegan par PETA<\/p>","protected":false},"excerpt":{"rendered":"<p>Explorez le charme de Figeac avec cette affiche illustr\u00e9e. Ce design r\u00e9tro, type Art D\u00e9co, capture une vue ensoleill\u00e9e du village m\u00e9di\u00e9val du Quercy. L\u2019\u0153uvre en art vectoriel met en lumi\u00e8re les toits en tuiles terre cuite, les ruelles \u00e9troites pav\u00e9es et le clocher embl\u00e9matique se d\u00e9coupant sur les collines verdoyantes. Le texte \u00ab FIGEAC [&hellip;]<\/p>\n","protected":false},"featured_media":5937,"comment_status":"open","ping_status":"closed","template":"","meta":{"_acf_changed":false},"product_brand":[],"product_cat":[140,142,72],"product_tag":[],"class_list":{"0":"post-5934","1":"product","2":"type-product","3":"status-publish","4":"has-post-thumbnail","6":"product_cat-figeac","7":"product_cat-la-ville-de-figeac","8":"product_cat-tote-bags","10":"first","11":"instock","12":"taxable","13":"shipping-taxable","14":"purchasable","15":"product-type-variable"},"acf":[],"_links":{"self":[{"href":"https:\/\/reviens-y.fr\/en\/wp-json\/wp\/v2\/product\/5934","targetHints":{"allow":["GET"]}}],"collection":[{"href":"https:\/\/reviens-y.fr\/en\/wp-json\/wp\/v2\/product"}],"about":[{"href":"https:\/\/reviens-y.fr\/en\/wp-json\/wp\/v2\/types\/product"}],"replies":[{"embeddable":true,"href":"https:\/\/reviens-y.fr\/en\/wp-json\/wp\/v2\/comments?post=5934"}],"wp:featuredmedia":[{"embeddable":true,"href":"https:\/\/reviens-y.fr\/en\/wp-json\/wp\/v2\/media\/5937"}],"wp:attachment":[{"href":"https:\/\/reviens-y.fr\/en\/wp-json\/wp\/v2\/media?parent=5934"}],"wp:term":[{"taxonomy":"product_brand","embeddable":true,"href":"https:\/\/reviens-y.fr\/en\/wp-json\/wp\/v2\/product_brand?post=5934"},{"taxonomy":"product_cat","embeddable":true,"href":"https:\/\/reviens-y.fr\/en\/wp-json\/wp\/v2\/product_cat?post=5934"},{"taxonomy":"product_tag","embeddable":true,"href":"https:\/\/reviens-y.fr\/en\/wp-json\/wp\/v2\/product_tag?post=5934"}],"curies":[{"name":"wp","href":"https:\/\/api.w.org\/{rel}","templated":true}]}}