{"id":5946,"date":"2026-03-19T15:26:06","date_gmt":"2026-03-19T15:26:06","guid":{"rendered":"https:\/\/reviens-y.fr\/produit\/affiche-la-ville-de-figeac\/"},"modified":"2026-03-19T15:26:16","modified_gmt":"2026-03-19T15:26:16","slug":"affiche-la-ville-de-figeac","status":"publish","type":"product","link":"https:\/\/reviens-y.fr\/en\/product\/affiche-la-ville-de-figeac\/","title":{"rendered":"Affiche <br> La ville de Figeac"},"content":{"rendered":"<p>Explorez le charme de Figeac avec cette affiche illustr\u00e9e. Ce design r\u00e9tro, type Art D\u00e9co, capture une vue ensoleill\u00e9e du village m\u00e9di\u00e9val du Quercy. L\u2019\u0153uvre en art vectoriel met en lumi\u00e8re les toits en tuiles terre cuite, les ruelles \u00e9troites pav\u00e9es et le clocher embl\u00e9matique se d\u00e9coupant sur les collines verdoyantes. Le texte \u00ab FIGEAC \u00bb et \u00ab QUERCY \u00bb compl\u00e8te cette composition aux couleurs riches et satur\u00e9es.<br \/>\n\u2013<br \/>\nApportez une touche unique \u00e0 votre int\u00e9rieur avec cette affiche imprim\u00e9e en jet d\u2019encre multicolore \u00e0 base d\u2019eau, offrant un rendu pr\u00e9cis, des couleurs profondes et une finition mate \u00e9l\u00e9gante. Chaque affiche est r\u00e9alis\u00e9e sur un papier de qualit\u00e9 sup\u00e9rieure, con\u00e7u pour r\u00e9sister au temps et conserver toute sa luminosit\u00e9.<br \/>\nDisponible en deux formats : 30\u00d740 cm et 50\u00d770 cm ; elle s\u2019int\u00e8gre facilement dans tout type d\u2019espace, du bureau au salon, en passant par la chambre.<\/p>\n<p>\u2013 Technique d\u2019impression : jet d\u2019encre multicolore \u00e0 base d\u2019eau<br \/>\n\u2013 Finition : mate (absorbant la lumi\u00e8re, sans reflet)<br \/>\n\u2013 Type de papier : Couch\u00e9 premium<br \/>\n\u2013 \u00c9paisseur : 0,145 mm<br \/>\n\u2013 Grammage : 170 g\/m\u00b2<br \/>\n\u2013 Opacit\u00e9 : 97,5 %<br \/>\n\u2013 Luminosit\u00e9 ISO : 38 %<br \/>\n\u2013 Origine du papier : Japon<br \/>\n\u2013 Formats disponibles :<br \/>\n\u2022 30 \u00d7 40 cm<br \/>\n\u2022 50 \u00d7 70 cm<\/p>","protected":false},"excerpt":{"rendered":"<p>Explorez le charme de Figeac avec cette affiche illustr\u00e9e. Ce design r\u00e9tro, type Art D\u00e9co, capture une vue ensoleill\u00e9e du village m\u00e9di\u00e9val du Quercy. L\u2019\u0153uvre en art vectoriel met en lumi\u00e8re les toits en tuiles terre cuite, les ruelles \u00e9troites pav\u00e9es et le clocher embl\u00e9matique se d\u00e9coupant sur les collines verdoyantes. Le texte \u00ab FIGEAC [&hellip;]<\/p>\n","protected":false},"featured_media":5949,"comment_status":"open","ping_status":"closed","template":"","meta":{"_acf_changed":false},"product_brand":[],"product_cat":[94,140,67,142],"product_tag":[],"class_list":{"0":"post-5946","1":"product","2":"type-product","3":"status-publish","4":"has-post-thumbnail","6":"product_cat-affiches","7":"product_cat-figeac","8":"product_cat-idees-cadeaux","9":"product_cat-la-ville-de-figeac","11":"first","12":"instock","13":"taxable","14":"shipping-taxable","15":"purchasable","16":"product-type-variable"},"acf":[],"_links":{"self":[{"href":"https:\/\/reviens-y.fr\/en\/wp-json\/wp\/v2\/product\/5946","targetHints":{"allow":["GET"]}}],"collection":[{"href":"https:\/\/reviens-y.fr\/en\/wp-json\/wp\/v2\/product"}],"about":[{"href":"https:\/\/reviens-y.fr\/en\/wp-json\/wp\/v2\/types\/product"}],"replies":[{"embeddable":true,"href":"https:\/\/reviens-y.fr\/en\/wp-json\/wp\/v2\/comments?post=5946"}],"wp:featuredmedia":[{"embeddable":true,"href":"https:\/\/reviens-y.fr\/en\/wp-json\/wp\/v2\/media\/5949"}],"wp:attachment":[{"href":"https:\/\/reviens-y.fr\/en\/wp-json\/wp\/v2\/media?parent=5946"}],"wp:term":[{"taxonomy":"product_brand","embeddable":true,"href":"https:\/\/reviens-y.fr\/en\/wp-json\/wp\/v2\/product_brand?post=5946"},{"taxonomy":"product_cat","embeddable":true,"href":"https:\/\/reviens-y.fr\/en\/wp-json\/wp\/v2\/product_cat?post=5946"},{"taxonomy":"product_tag","embeddable":true,"href":"https:\/\/reviens-y.fr\/en\/wp-json\/wp\/v2\/product_tag?post=5946"}],"curies":[{"name":"wp","href":"https:\/\/api.w.org\/{rel}","templated":true}]}}