{"id":5953,"date":"2026-03-19T15:31:22","date_gmt":"2026-03-19T15:31:22","guid":{"rendered":"https:\/\/reviens-y.fr\/produit\/carte-postale-la-ville-de-figeac\/"},"modified":"2026-03-19T15:31:27","modified_gmt":"2026-03-19T15:31:27","slug":"carte-postale-la-ville-de-figeac","status":"publish","type":"product","link":"https:\/\/reviens-y.fr\/en\/product\/carte-postale-la-ville-de-figeac\/","title":{"rendered":"Carte postale <br> La ville de Figeac"},"content":{"rendered":"<p>Explorez le charme de Figeac avec cette affiche illustr\u00e9e. Ce design r\u00e9tro, type Art D\u00e9co, capture une vue ensoleill\u00e9e du village m\u00e9di\u00e9val du Quercy. L\u2019\u0153uvre en art vectoriel met en lumi\u00e8re les toits en tuiles terre cuite, les ruelles \u00e9troites pav\u00e9es et le clocher embl\u00e9matique se d\u00e9coupant sur les collines verdoyantes. Le texte \u00ab FIGEAC \u00bb et \u00ab QUERCY \u00bb compl\u00e8te cette composition aux couleurs riches et satur\u00e9es.<br \/>\n\u2013<br \/>\nCes cartes postales sont faites \u00e0 partir de papier \u00e9pais mat de haute qualit\u00e9 et constituent un ajout excellent \u00e0 un cadeau ou une simple note \u00e9crite \u00e0 un ami.<br \/>\n\u2022 Papier cartonn\u00e9<br \/>\n\u2022 Poids du papier : 260 &#8211; 350 g\/m\u00b2 (7,67 &#8211; 10,32 oz\/yd\u00b2)<br \/>\n\u2022 Taille : 101 \u00d7 152 mm (4 \u00d7 6\u2033)<br \/>\n\u2022 \u00c9paisseur du papier : 0,34 mm (0,013\u2033)<br \/>\n\u2022 Surface ext\u00e9rieure lamin\u00e9e.<br \/>\n\u2022 Mat\u00e9riaux du produit vierge provenant de la Su\u00e8de, des \u00c9tats-Unis, du Br\u00e9sil ou de la Chine.<\/p>","protected":false},"excerpt":{"rendered":"<p>Explorez le charme de Figeac avec cette affiche illustr\u00e9e. Ce design r\u00e9tro, type Art D\u00e9co, capture une vue ensoleill\u00e9e du village m\u00e9di\u00e9val du Quercy. L\u2019\u0153uvre en art vectoriel met en lumi\u00e8re les toits en tuiles terre cuite, les ruelles \u00e9troites pav\u00e9es et le clocher embl\u00e9matique se d\u00e9coupant sur les collines verdoyantes. Le texte \u00ab FIGEAC [&hellip;]<\/p>\n","protected":false},"featured_media":5954,"comment_status":"open","ping_status":"closed","template":"","meta":{"_acf_changed":false},"product_brand":[],"product_cat":[95,140,142],"product_tag":[],"class_list":{"0":"post-5953","1":"product","2":"type-product","3":"status-publish","4":"has-post-thumbnail","6":"product_cat-cartes-postales","7":"product_cat-figeac","8":"product_cat-la-ville-de-figeac","10":"first","11":"instock","12":"taxable","13":"shipping-taxable","14":"purchasable","15":"product-type-simple"},"acf":[],"_links":{"self":[{"href":"https:\/\/reviens-y.fr\/en\/wp-json\/wp\/v2\/product\/5953","targetHints":{"allow":["GET"]}}],"collection":[{"href":"https:\/\/reviens-y.fr\/en\/wp-json\/wp\/v2\/product"}],"about":[{"href":"https:\/\/reviens-y.fr\/en\/wp-json\/wp\/v2\/types\/product"}],"replies":[{"embeddable":true,"href":"https:\/\/reviens-y.fr\/en\/wp-json\/wp\/v2\/comments?post=5953"}],"wp:featuredmedia":[{"embeddable":true,"href":"https:\/\/reviens-y.fr\/en\/wp-json\/wp\/v2\/media\/5954"}],"wp:attachment":[{"href":"https:\/\/reviens-y.fr\/en\/wp-json\/wp\/v2\/media?parent=5953"}],"wp:term":[{"taxonomy":"product_brand","embeddable":true,"href":"https:\/\/reviens-y.fr\/en\/wp-json\/wp\/v2\/product_brand?post=5953"},{"taxonomy":"product_cat","embeddable":true,"href":"https:\/\/reviens-y.fr\/en\/wp-json\/wp\/v2\/product_cat?post=5953"},{"taxonomy":"product_tag","embeddable":true,"href":"https:\/\/reviens-y.fr\/en\/wp-json\/wp\/v2\/product_tag?post=5953"}],"curies":[{"name":"wp","href":"https:\/\/api.w.org\/{rel}","templated":true}]}}