{"id":5955,"date":"2026-03-19T15:45:45","date_gmt":"2026-03-19T15:45:45","guid":{"rendered":"https:\/\/reviens-y.fr\/produit\/t-shirt-unisexe-figeac-en-couleur\/"},"modified":"2026-03-19T15:46:01","modified_gmt":"2026-03-19T15:46:01","slug":"t-shirt-unisexe-figeac-en-couleur","status":"publish","type":"product","link":"https:\/\/reviens-y.fr\/en\/product\/t-shirt-unisexe-figeac-en-couleur\/","title":{"rendered":"T-shirt unisex <br> Figeac en couleur"},"content":{"rendered":"<p>Explorez Figeac avec cette affiche au style folk art joyeux et moderne. Une composition originale en collage d&rsquo;ic\u00f4nes color\u00e9es c\u00e9l\u00e9brant le patrimoine unique du Quercy : fleur de safran, feuille de ch\u00eane du causse, les incontournables Eglise Saint Sauveur et \u00c9glise Notre-Dame-du-Puy, le Mus\u00e9e Champollion, la Pierre de Rosette, des hi\u00e9roglyphes et les maisons \u00e0 colombages. Design aux formes simples et couleurs vives. Texte &lsquo;FIGEAC&rsquo; en bas. Souvenir authentique.<br \/>\n\u2013<br \/>\nT-shirt unisexe en coton, con\u00e7u pour un usage quotidien. Sa coupe r\u00e9guli\u00e8re facilite les mouvements, tandis que son tissu conserve sa forme lavage apr\u00e8s lavage. L\u00e9ger \u00e0 porter et simple \u00e0 entretenir, il convient \u00e0 toutes les saisons et s\u2019adapte \u00e0 diff\u00e9rents styles.<\/p>\n<p>\u2022 170\u2013180 g\/m\u00b2<br \/>\n\u2022 Fabrication tubulaire sans coutures lat\u00e9rales<br \/>\n\u2022 Coutures renforc\u00e9es et bande de propret\u00e9 au col et aux \u00e9paules<br \/>\n\u2022 Composition : 100 % coton ou Sport Grey (90 % coton, 10 % polyester)<br \/>\n\u2022 Lavage en machine \u00e0 30\u00b0C<br \/>\n\u2022 Sans polyester recycl\u00e9 ni substances dangereuses<br \/>\n\u2022 Le blanc peut pr\u00e9senter un aspect blanc cass\u00e9 naturel<\/p>","protected":false},"excerpt":{"rendered":"<p>Explorez Figeac avec cette affiche au style folk art joyeux et moderne. Une composition originale en collage d&rsquo;ic\u00f4nes color\u00e9es c\u00e9l\u00e9brant le patrimoine unique du Quercy : fleur de safran, feuille de ch\u00eane du causse, les incontournables Eglise Saint Sauveur et \u00c9glise Notre-Dame-du-Puy, le Mus\u00e9e Champollion, la Pierre de Rosette, des hi\u00e9roglyphes et les maisons \u00e0 [&hellip;]<\/p>\n","protected":false},"featured_media":5964,"comment_status":"open","ping_status":"closed","template":"","meta":{"_acf_changed":false},"product_brand":[],"product_cat":[140,143,68],"product_tag":[],"class_list":{"0":"post-5955","1":"product","2":"type-product","3":"status-publish","4":"has-post-thumbnail","6":"product_cat-figeac","7":"product_cat-figeac-en-couleur","8":"product_cat-t-shirts","10":"first","11":"instock","12":"taxable","13":"shipping-taxable","14":"purchasable","15":"product-type-variable"},"acf":[],"_links":{"self":[{"href":"https:\/\/reviens-y.fr\/en\/wp-json\/wp\/v2\/product\/5955","targetHints":{"allow":["GET"]}}],"collection":[{"href":"https:\/\/reviens-y.fr\/en\/wp-json\/wp\/v2\/product"}],"about":[{"href":"https:\/\/reviens-y.fr\/en\/wp-json\/wp\/v2\/types\/product"}],"replies":[{"embeddable":true,"href":"https:\/\/reviens-y.fr\/en\/wp-json\/wp\/v2\/comments?post=5955"}],"wp:featuredmedia":[{"embeddable":true,"href":"https:\/\/reviens-y.fr\/en\/wp-json\/wp\/v2\/media\/5964"}],"wp:attachment":[{"href":"https:\/\/reviens-y.fr\/en\/wp-json\/wp\/v2\/media?parent=5955"}],"wp:term":[{"taxonomy":"product_brand","embeddable":true,"href":"https:\/\/reviens-y.fr\/en\/wp-json\/wp\/v2\/product_brand?post=5955"},{"taxonomy":"product_cat","embeddable":true,"href":"https:\/\/reviens-y.fr\/en\/wp-json\/wp\/v2\/product_cat?post=5955"},{"taxonomy":"product_tag","embeddable":true,"href":"https:\/\/reviens-y.fr\/en\/wp-json\/wp\/v2\/product_tag?post=5955"}],"curies":[{"name":"wp","href":"https:\/\/api.w.org\/{rel}","templated":true}]}}