{"id":5987,"date":"2026-03-19T15:56:50","date_gmt":"2026-03-19T15:56:50","guid":{"rendered":"https:\/\/reviens-y.fr\/produit\/sweat-unisexe-figeac-en-couleur\/"},"modified":"2026-03-19T15:57:11","modified_gmt":"2026-03-19T15:57:11","slug":"sweat-unisexe-figeac-en-couleur","status":"publish","type":"product","link":"https:\/\/reviens-y.fr\/en\/product\/sweat-unisexe-figeac-en-couleur\/","title":{"rendered":"Unisex sweatshirt <br> Figeac en couleur"},"content":{"rendered":"<p>Explorez Figeac avec cette affiche au style folk art joyeux et moderne. Une composition originale en collage d\u2019ic\u00f4nes color\u00e9es c\u00e9l\u00e9brant le patrimoine unique du Quercy : fleur de safran, feuille de ch\u00eane du causse, les incontournables Eglise Saint Sauveur et \u00c9glise Notre-Dame-du-Puy, le Mus\u00e9e Champollion, la Pierre de Rosette, des hi\u00e9roglyphes et les maisons \u00e0 colombages. Design aux formes simples et couleurs vives. Texte \u2018FIGEAC\u2019 en bas. Souvenir authentique.<br \/>\n\u2013<br \/>\nSweat-shirt unisexe en coton et polyester, con\u00e7u pour offrir douceur et chaleur au quotidien. Sa coupe classique et son col en tricot c\u00f4tel\u00e9 assurent un bon maintien, tandis que la conception quart-de-tour \u00e9vite le pli central. Facile \u00e0 entretenir, il conserve sa forme lavage apr\u00e8s lavage.<\/p>\n<p>\u2022 271 g\/m\u00b2<br \/>\n\u2022 50 % coton, 50 % polyester<br \/>\n\u2022 Tissu pr\u00e9r\u00e9tr\u00e9ci, fil\u00e9 par jet d\u2019air pour un toucher doux<br \/>\n\u2022 Col, \u00e9paules, emmanchures, poignets et ourlet \u00e0 couture double<br \/>\n\u2022 Col en tricot c\u00f4tel\u00e9 1\u00d71 avec \u00e9lasthanne<br \/>\n\u2022 Quart-de-tour pour \u00e9viter un pli au milieu<br \/>\n\u2022 Le blanc peut appara\u00eetre blanc cass\u00e9 naturel<\/p>","protected":false},"excerpt":{"rendered":"<p>Explorez Figeac avec cette affiche au style folk art joyeux et moderne. Une composition originale en collage d\u2019ic\u00f4nes color\u00e9es c\u00e9l\u00e9brant le patrimoine unique du Quercy : fleur de safran, feuille de ch\u00eane du causse, les incontournables Eglise Saint Sauveur et \u00c9glise Notre-Dame-du-Puy, le Mus\u00e9e Champollion, la Pierre de Rosette, des hi\u00e9roglyphes et les maisons \u00e0 [&hellip;]<\/p>\n","protected":false},"featured_media":6000,"comment_status":"open","ping_status":"closed","template":"","meta":{"_acf_changed":false},"product_brand":[],"product_cat":[140,143,70],"product_tag":[],"class_list":{"0":"post-5987","1":"product","2":"type-product","3":"status-publish","4":"has-post-thumbnail","6":"product_cat-figeac","7":"product_cat-figeac-en-couleur","8":"product_cat-sweats","10":"first","11":"instock","12":"taxable","13":"shipping-taxable","14":"purchasable","15":"product-type-variable"},"acf":[],"_links":{"self":[{"href":"https:\/\/reviens-y.fr\/en\/wp-json\/wp\/v2\/product\/5987","targetHints":{"allow":["GET"]}}],"collection":[{"href":"https:\/\/reviens-y.fr\/en\/wp-json\/wp\/v2\/product"}],"about":[{"href":"https:\/\/reviens-y.fr\/en\/wp-json\/wp\/v2\/types\/product"}],"replies":[{"embeddable":true,"href":"https:\/\/reviens-y.fr\/en\/wp-json\/wp\/v2\/comments?post=5987"}],"wp:featuredmedia":[{"embeddable":true,"href":"https:\/\/reviens-y.fr\/en\/wp-json\/wp\/v2\/media\/6000"}],"wp:attachment":[{"href":"https:\/\/reviens-y.fr\/en\/wp-json\/wp\/v2\/media?parent=5987"}],"wp:term":[{"taxonomy":"product_brand","embeddable":true,"href":"https:\/\/reviens-y.fr\/en\/wp-json\/wp\/v2\/product_brand?post=5987"},{"taxonomy":"product_cat","embeddable":true,"href":"https:\/\/reviens-y.fr\/en\/wp-json\/wp\/v2\/product_cat?post=5987"},{"taxonomy":"product_tag","embeddable":true,"href":"https:\/\/reviens-y.fr\/en\/wp-json\/wp\/v2\/product_tag?post=5987"}],"curies":[{"name":"wp","href":"https:\/\/api.w.org\/{rel}","templated":true}]}}