{"id":6006,"date":"2026-03-19T16:01:10","date_gmt":"2026-03-19T16:01:10","guid":{"rendered":"https:\/\/reviens-y.fr\/produit\/casquette-brodee-figeac-en-couleur\/"},"modified":"2026-03-19T16:01:25","modified_gmt":"2026-03-19T16:01:25","slug":"casquette-brodee-figeac-en-couleur","status":"publish","type":"product","link":"https:\/\/reviens-y.fr\/en\/product\/casquette-brodee-figeac-en-couleur\/","title":{"rendered":"Casquette brod\u00e9e <br> Figeac en couleur"},"content":{"rendered":"<p>Explorez Figeac avec cette affiche au style folk art joyeux et moderne. Une composition originale en collage d\u2019ic\u00f4nes color\u00e9es c\u00e9l\u00e9brant le patrimoine unique du Quercy : fleur de safran, feuille de ch\u00eane du causse, les incontournables Eglise Saint Sauveur et \u00c9glise Notre-Dame-du-Puy, le Mus\u00e9e Champollion, la Pierre de Rosette, des hi\u00e9roglyphes et les maisons \u00e0 colombages. Design aux formes simples et couleurs vives. Texte \u2018FIGEAC\u2019 en bas. Souvenir authentique.<br \/>\n\u2013<br \/>\nUnisex cap with a curved visor, combining comfort and style for everyday wear. Its unstructured shape and adjustable strap allow for easy fitting, while its twill cotton fabric offers great durability over time.<\/p>\n<p>\u2022 100% chino cotton twill<br \/>\n\u2022 Unstructured, low-profile, flat visor<br \/>\n\u2022 6 embroidered eyelets<br \/>\n\u2022 Couronne de 3 \u215b \u00bb<br \/>\n\u2022 Adjustable strap with antique-style metal buckle<\/p>","protected":false},"excerpt":{"rendered":"<p>Explorez Figeac avec cette affiche au style folk art joyeux et moderne. Une composition originale en collage d\u2019ic\u00f4nes color\u00e9es c\u00e9l\u00e9brant le patrimoine unique du Quercy : fleur de safran, feuille de ch\u00eane du causse, les incontournables Eglise Saint Sauveur et \u00c9glise Notre-Dame-du-Puy, le Mus\u00e9e Champollion, la Pierre de Rosette, des hi\u00e9roglyphes et les maisons \u00e0 [&hellip;]<\/p>\n","protected":false},"featured_media":6009,"comment_status":"open","ping_status":"closed","template":"","meta":{"_acf_changed":false},"product_brand":[],"product_cat":[71,140,143],"product_tag":[],"class_list":{"0":"post-6006","1":"product","2":"type-product","3":"status-publish","4":"has-post-thumbnail","6":"product_cat-casquettes","7":"product_cat-figeac","8":"product_cat-figeac-en-couleur","10":"first","11":"instock","12":"taxable","13":"shipping-taxable","14":"purchasable","15":"product-type-variable"},"acf":[],"_links":{"self":[{"href":"https:\/\/reviens-y.fr\/en\/wp-json\/wp\/v2\/product\/6006","targetHints":{"allow":["GET"]}}],"collection":[{"href":"https:\/\/reviens-y.fr\/en\/wp-json\/wp\/v2\/product"}],"about":[{"href":"https:\/\/reviens-y.fr\/en\/wp-json\/wp\/v2\/types\/product"}],"replies":[{"embeddable":true,"href":"https:\/\/reviens-y.fr\/en\/wp-json\/wp\/v2\/comments?post=6006"}],"wp:featuredmedia":[{"embeddable":true,"href":"https:\/\/reviens-y.fr\/en\/wp-json\/wp\/v2\/media\/6009"}],"wp:attachment":[{"href":"https:\/\/reviens-y.fr\/en\/wp-json\/wp\/v2\/media?parent=6006"}],"wp:term":[{"taxonomy":"product_brand","embeddable":true,"href":"https:\/\/reviens-y.fr\/en\/wp-json\/wp\/v2\/product_brand?post=6006"},{"taxonomy":"product_cat","embeddable":true,"href":"https:\/\/reviens-y.fr\/en\/wp-json\/wp\/v2\/product_cat?post=6006"},{"taxonomy":"product_tag","embeddable":true,"href":"https:\/\/reviens-y.fr\/en\/wp-json\/wp\/v2\/product_tag?post=6006"}],"curies":[{"name":"wp","href":"https:\/\/api.w.org\/{rel}","templated":true}]}}