{"id":6014,"date":"2026-03-19T16:02:36","date_gmt":"2026-03-19T16:02:36","guid":{"rendered":"https:\/\/reviens-y.fr\/produit\/tote-bag-coton-bio-figeac-en-couleur\/"},"modified":"2026-03-19T16:02:51","modified_gmt":"2026-03-19T16:02:51","slug":"tote-bag-coton-bio-figeac-en-couleur","status":"publish","type":"product","link":"https:\/\/reviens-y.fr\/en\/product\/tote-bag-coton-bio-figeac-en-couleur\/","title":{"rendered":"Tote Bag coton Bio <br> Figeac en couleur"},"content":{"rendered":"<p>Explorez Figeac avec cette affiche au style folk art joyeux et moderne. Une composition originale en collage d\u2019ic\u00f4nes color\u00e9es c\u00e9l\u00e9brant le patrimoine unique du Quercy : fleur de safran, feuille de ch\u00eane du causse, les incontournables Eglise Saint Sauveur et \u00c9glise Notre-Dame-du-Puy, le Mus\u00e9e Champollion, la Pierre de Rosette, des hi\u00e9roglyphes et les maisons \u00e0 colombages. Design aux formes simples et couleurs vives. Texte \u2018FIGEAC\u2019 en bas. Souvenir authentique.<br \/>\n\u2013<br \/>\nTote bag en coton biologique robuste et pratique, id\u00e9al pour les courses, les livres ou un usage quotidien. Sa grande capacit\u00e9 et ses anses longues assurent confort et polyvalence, tout en garantissant un impact environnemental r\u00e9duit gr\u00e2ce \u00e0 sa fabrication certifi\u00e9e.<\/p>\n<p>\u2022 100 % coton biologique certifi\u00e9 serg\u00e9 3\/1<br \/>\n\u2022 272 g\/m\u00b2<br \/>\n\u2022 Dimensions : 40,6 \u00d7 35,6 \u00d7 12,7 cm<br \/>\n\u2022 Anses de 2,5 cm de large, longueur 62,2 cm<br \/>\n\u2022 Capacit\u00e9 maximale : 13,6 kg<br \/>\n\u2022 Compartiment principal ouvert<br \/>\n\u2022 Certifi\u00e9 GOTS et OCS pour son contenu en coton bio<br \/>\n\u2022 Certifi\u00e9 OEKO-TEX Standard 100 et approuv\u00e9 vegan par PETA<\/p>","protected":false},"excerpt":{"rendered":"<p>Explorez Figeac avec cette affiche au style folk art joyeux et moderne. Une composition originale en collage d\u2019ic\u00f4nes color\u00e9es c\u00e9l\u00e9brant le patrimoine unique du Quercy : fleur de safran, feuille de ch\u00eane du causse, les incontournables Eglise Saint Sauveur et \u00c9glise Notre-Dame-du-Puy, le Mus\u00e9e Champollion, la Pierre de Rosette, des hi\u00e9roglyphes et les maisons \u00e0 [&hellip;]<\/p>\n","protected":false},"featured_media":6017,"comment_status":"open","ping_status":"closed","template":"","meta":{"_acf_changed":false},"product_brand":[],"product_cat":[140,143,72],"product_tag":[],"class_list":{"0":"post-6014","1":"product","2":"type-product","3":"status-publish","4":"has-post-thumbnail","6":"product_cat-figeac","7":"product_cat-figeac-en-couleur","8":"product_cat-tote-bags","10":"first","11":"instock","12":"taxable","13":"shipping-taxable","14":"purchasable","15":"product-type-variable"},"acf":[],"_links":{"self":[{"href":"https:\/\/reviens-y.fr\/en\/wp-json\/wp\/v2\/product\/6014","targetHints":{"allow":["GET"]}}],"collection":[{"href":"https:\/\/reviens-y.fr\/en\/wp-json\/wp\/v2\/product"}],"about":[{"href":"https:\/\/reviens-y.fr\/en\/wp-json\/wp\/v2\/types\/product"}],"replies":[{"embeddable":true,"href":"https:\/\/reviens-y.fr\/en\/wp-json\/wp\/v2\/comments?post=6014"}],"wp:featuredmedia":[{"embeddable":true,"href":"https:\/\/reviens-y.fr\/en\/wp-json\/wp\/v2\/media\/6017"}],"wp:attachment":[{"href":"https:\/\/reviens-y.fr\/en\/wp-json\/wp\/v2\/media?parent=6014"}],"wp:term":[{"taxonomy":"product_brand","embeddable":true,"href":"https:\/\/reviens-y.fr\/en\/wp-json\/wp\/v2\/product_brand?post=6014"},{"taxonomy":"product_cat","embeddable":true,"href":"https:\/\/reviens-y.fr\/en\/wp-json\/wp\/v2\/product_cat?post=6014"},{"taxonomy":"product_tag","embeddable":true,"href":"https:\/\/reviens-y.fr\/en\/wp-json\/wp\/v2\/product_tag?post=6014"}],"curies":[{"name":"wp","href":"https:\/\/api.w.org\/{rel}","templated":true}]}}