{"id":6035,"date":"2026-03-19T16:18:04","date_gmt":"2026-03-19T16:18:04","guid":{"rendered":"https:\/\/reviens-y.fr\/produit\/t-shirt-unisexe-la-place-des-ecritures\/"},"modified":"2026-03-19T16:18:19","modified_gmt":"2026-03-19T16:18:19","slug":"t-shirt-unisexe-la-place-des-ecritures","status":"publish","type":"product","link":"https:\/\/reviens-y.fr\/en\/product\/t-shirt-unisexe-la-place-des-ecritures\/","title":{"rendered":"T-shirt unisex <br> La place des \u00e9critures"},"content":{"rendered":"<p>Sublimez votre int\u00e9rieur avec cette affiche de Figeac illustrant la c\u00e9l\u00e8bre Place des \u00c9critures. Ce tirage d&rsquo;art s\u00e9pia met en valeur la reproduction g\u00e9ante de la Pierre de Rosette, \u0153uvre de Joseph Kosuth en l&rsquo;honneur de Champollion. Une d\u00e9coration murale \u00e9l\u00e9gante, id\u00e9ale pour les passionn\u00e9s d&rsquo;histoire et d&rsquo;\u00e9gyptologie !<br \/>\n&#8211;<br \/>\nT-shirt unisexe en coton, con\u00e7u pour un usage quotidien. Sa coupe r\u00e9guli\u00e8re facilite les mouvements, tandis que son tissu conserve sa forme lavage apr\u00e8s lavage. L\u00e9ger \u00e0 porter et simple \u00e0 entretenir, il convient \u00e0 toutes les saisons et s\u2019adapte \u00e0 diff\u00e9rents styles.<\/p>\n<p>\u2022 170\u2013180 g\/m\u00b2<br \/>\n\u2022 Fabrication tubulaire sans coutures lat\u00e9rales<br \/>\n\u2022 Coutures renforc\u00e9es et bande de propret\u00e9 au col et aux \u00e9paules<br \/>\n\u2022 Composition : 100 % coton ou Sport Grey (90 % coton, 10 % polyester)<br \/>\n\u2022 Lavage en machine \u00e0 30\u00b0C<br \/>\n\u2022 Sans polyester recycl\u00e9 ni substances dangereuses<br \/>\n\u2022 Le blanc peut pr\u00e9senter un aspect blanc cass\u00e9 naturel<\/p>","protected":false},"excerpt":{"rendered":"<p>Sublimez votre int\u00e9rieur avec cette affiche de Figeac illustrant la c\u00e9l\u00e8bre Place des \u00c9critures. Ce tirage d&rsquo;art s\u00e9pia met en valeur la reproduction g\u00e9ante de la Pierre de Rosette, \u0153uvre de Joseph Kosuth en l&rsquo;honneur de Champollion. Une d\u00e9coration murale \u00e9l\u00e9gante, id\u00e9ale pour les passionn\u00e9s d&rsquo;histoire et d&rsquo;\u00e9gyptologie ! &#8211; T-shirt unisexe en coton, con\u00e7u [&hellip;]<\/p>\n","protected":false},"featured_media":6044,"comment_status":"open","ping_status":"closed","template":"","meta":{"_acf_changed":false},"product_brand":[],"product_cat":[140,144,68],"product_tag":[],"class_list":{"0":"post-6035","1":"product","2":"type-product","3":"status-publish","4":"has-post-thumbnail","6":"product_cat-figeac","7":"product_cat-la-place-des-ecritures","8":"product_cat-t-shirts","10":"first","11":"instock","12":"taxable","13":"shipping-taxable","14":"purchasable","15":"product-type-variable"},"acf":[],"_links":{"self":[{"href":"https:\/\/reviens-y.fr\/en\/wp-json\/wp\/v2\/product\/6035","targetHints":{"allow":["GET"]}}],"collection":[{"href":"https:\/\/reviens-y.fr\/en\/wp-json\/wp\/v2\/product"}],"about":[{"href":"https:\/\/reviens-y.fr\/en\/wp-json\/wp\/v2\/types\/product"}],"replies":[{"embeddable":true,"href":"https:\/\/reviens-y.fr\/en\/wp-json\/wp\/v2\/comments?post=6035"}],"wp:featuredmedia":[{"embeddable":true,"href":"https:\/\/reviens-y.fr\/en\/wp-json\/wp\/v2\/media\/6044"}],"wp:attachment":[{"href":"https:\/\/reviens-y.fr\/en\/wp-json\/wp\/v2\/media?parent=6035"}],"wp:term":[{"taxonomy":"product_brand","embeddable":true,"href":"https:\/\/reviens-y.fr\/en\/wp-json\/wp\/v2\/product_brand?post=6035"},{"taxonomy":"product_cat","embeddable":true,"href":"https:\/\/reviens-y.fr\/en\/wp-json\/wp\/v2\/product_cat?post=6035"},{"taxonomy":"product_tag","embeddable":true,"href":"https:\/\/reviens-y.fr\/en\/wp-json\/wp\/v2\/product_tag?post=6035"}],"curies":[{"name":"wp","href":"https:\/\/api.w.org\/{rel}","templated":true}]}}