{"id":6074,"date":"2026-03-19T16:34:44","date_gmt":"2026-03-19T16:34:44","guid":{"rendered":"https:\/\/reviens-y.fr\/produit\/casquette-brodee-la-place-des-ecritures\/"},"modified":"2026-03-19T16:34:59","modified_gmt":"2026-03-19T16:34:59","slug":"casquette-brodee-la-place-des-ecritures","status":"publish","type":"product","link":"https:\/\/reviens-y.fr\/en\/product\/casquette-brodee-la-place-des-ecritures\/","title":{"rendered":"Casquette brod\u00e9e <br> La place des \u00e9critures"},"content":{"rendered":"<p>Sublimez votre int\u00e9rieur avec cette affiche de Figeac illustrant la c\u00e9l\u00e8bre Place des \u00c9critures. Ce tirage d\u2019art s\u00e9pia met en valeur la reproduction g\u00e9ante de la Pierre de Rosette, \u0153uvre de Joseph Kosuth en l\u2019honneur de Champollion. Une d\u00e9coration murale \u00e9l\u00e9gante, id\u00e9ale pour les passionn\u00e9s d\u2019histoire et d\u2019\u00e9gyptologie !<br \/>\n\u2013<br \/>\nUnisex cap with a curved visor, combining comfort and style for everyday wear. Its unstructured shape and adjustable strap allow for easy fitting, while its twill cotton fabric offers great durability over time.<\/p>\n<p>\u2022 100% chino cotton twill<br \/>\n\u2022 Unstructured, low-profile, flat visor<br \/>\n\u2022 6 embroidered eyelets<br \/>\n\u2022 Couronne de 3 \u215b \u00bb<br \/>\n\u2022 Adjustable strap with antique-style metal buckle<\/p>","protected":false},"excerpt":{"rendered":"<p>Sublimez votre int\u00e9rieur avec cette affiche de Figeac illustrant la c\u00e9l\u00e8bre Place des \u00c9critures. Ce tirage d\u2019art s\u00e9pia met en valeur la reproduction g\u00e9ante de la Pierre de Rosette, \u0153uvre de Joseph Kosuth en l\u2019honneur de Champollion. Une d\u00e9coration murale \u00e9l\u00e9gante, id\u00e9ale pour les passionn\u00e9s d\u2019histoire et d\u2019\u00e9gyptologie ! \u2013 Casquette unisexe \u00e0 visi\u00e8re incurv\u00e9e, [&hellip;]<\/p>\n","protected":false},"featured_media":6077,"comment_status":"open","ping_status":"closed","template":"","meta":{"_acf_changed":false},"product_brand":[],"product_cat":[71,140,144],"product_tag":[],"class_list":{"0":"post-6074","1":"product","2":"type-product","3":"status-publish","4":"has-post-thumbnail","6":"product_cat-casquettes","7":"product_cat-figeac","8":"product_cat-la-place-des-ecritures","10":"first","11":"instock","12":"taxable","13":"shipping-taxable","14":"purchasable","15":"product-type-variable"},"acf":[],"_links":{"self":[{"href":"https:\/\/reviens-y.fr\/en\/wp-json\/wp\/v2\/product\/6074","targetHints":{"allow":["GET"]}}],"collection":[{"href":"https:\/\/reviens-y.fr\/en\/wp-json\/wp\/v2\/product"}],"about":[{"href":"https:\/\/reviens-y.fr\/en\/wp-json\/wp\/v2\/types\/product"}],"replies":[{"embeddable":true,"href":"https:\/\/reviens-y.fr\/en\/wp-json\/wp\/v2\/comments?post=6074"}],"wp:featuredmedia":[{"embeddable":true,"href":"https:\/\/reviens-y.fr\/en\/wp-json\/wp\/v2\/media\/6077"}],"wp:attachment":[{"href":"https:\/\/reviens-y.fr\/en\/wp-json\/wp\/v2\/media?parent=6074"}],"wp:term":[{"taxonomy":"product_brand","embeddable":true,"href":"https:\/\/reviens-y.fr\/en\/wp-json\/wp\/v2\/product_brand?post=6074"},{"taxonomy":"product_cat","embeddable":true,"href":"https:\/\/reviens-y.fr\/en\/wp-json\/wp\/v2\/product_cat?post=6074"},{"taxonomy":"product_tag","embeddable":true,"href":"https:\/\/reviens-y.fr\/en\/wp-json\/wp\/v2\/product_tag?post=6074"}],"curies":[{"name":"wp","href":"https:\/\/api.w.org\/{rel}","templated":true}]}}