{"id":6082,"date":"2026-03-19T16:36:33","date_gmt":"2026-03-19T16:36:33","guid":{"rendered":"https:\/\/reviens-y.fr\/produit\/tote-bag-coton-bio-la-place-des-ecritures\/"},"modified":"2026-03-19T16:36:47","modified_gmt":"2026-03-19T16:36:47","slug":"tote-bag-coton-bio-la-place-des-ecritures","status":"publish","type":"product","link":"https:\/\/reviens-y.fr\/en\/product\/tote-bag-coton-bio-la-place-des-ecritures\/","title":{"rendered":"Tote Bag coton Bio <br> La place des \u00e9critures"},"content":{"rendered":"<p>Sublimez votre int\u00e9rieur avec cette affiche de Figeac illustrant la c\u00e9l\u00e8bre Place des \u00c9critures. Ce tirage d\u2019art s\u00e9pia met en valeur la reproduction g\u00e9ante de la Pierre de Rosette, \u0153uvre de Joseph Kosuth en l\u2019honneur de Champollion. Une d\u00e9coration murale \u00e9l\u00e9gante, id\u00e9ale pour les passionn\u00e9s d\u2019histoire et d\u2019\u00e9gyptologie !<br \/>\n\u2013<br \/>\nTote bag en coton biologique robuste et pratique, id\u00e9al pour les courses, les livres ou un usage quotidien. Sa grande capacit\u00e9 et ses anses longues assurent confort et polyvalence, tout en garantissant un impact environnemental r\u00e9duit gr\u00e2ce \u00e0 sa fabrication certifi\u00e9e.<\/p>\n<p>\u2022 100 % coton biologique certifi\u00e9 serg\u00e9 3\/1<br \/>\n\u2022 272 g\/m\u00b2<br \/>\n\u2022 Dimensions : 40,6 \u00d7 35,6 \u00d7 12,7 cm<br \/>\n\u2022 Anses de 2,5 cm de large, longueur 62,2 cm<br \/>\n\u2022 Capacit\u00e9 maximale : 13,6 kg<br \/>\n\u2022 Compartiment principal ouvert<br \/>\n\u2022 Certifi\u00e9 GOTS et OCS pour son contenu en coton bio<br \/>\n\u2022 Certifi\u00e9 OEKO-TEX Standard 100 et approuv\u00e9 vegan par PETA<\/p>","protected":false},"excerpt":{"rendered":"<p>Sublimez votre int\u00e9rieur avec cette affiche de Figeac illustrant la c\u00e9l\u00e8bre Place des \u00c9critures. Ce tirage d\u2019art s\u00e9pia met en valeur la reproduction g\u00e9ante de la Pierre de Rosette, \u0153uvre de Joseph Kosuth en l\u2019honneur de Champollion. Une d\u00e9coration murale \u00e9l\u00e9gante, id\u00e9ale pour les passionn\u00e9s d\u2019histoire et d\u2019\u00e9gyptologie ! \u2013 Tote bag en coton biologique [&hellip;]<\/p>\n","protected":false},"featured_media":6085,"comment_status":"open","ping_status":"closed","template":"","meta":{"_acf_changed":false},"product_brand":[],"product_cat":[140,144,72],"product_tag":[],"class_list":{"0":"post-6082","1":"product","2":"type-product","3":"status-publish","4":"has-post-thumbnail","6":"product_cat-figeac","7":"product_cat-la-place-des-ecritures","8":"product_cat-tote-bags","10":"first","11":"instock","12":"taxable","13":"shipping-taxable","14":"purchasable","15":"product-type-variable"},"acf":[],"_links":{"self":[{"href":"https:\/\/reviens-y.fr\/en\/wp-json\/wp\/v2\/product\/6082","targetHints":{"allow":["GET"]}}],"collection":[{"href":"https:\/\/reviens-y.fr\/en\/wp-json\/wp\/v2\/product"}],"about":[{"href":"https:\/\/reviens-y.fr\/en\/wp-json\/wp\/v2\/types\/product"}],"replies":[{"embeddable":true,"href":"https:\/\/reviens-y.fr\/en\/wp-json\/wp\/v2\/comments?post=6082"}],"wp:featuredmedia":[{"embeddable":true,"href":"https:\/\/reviens-y.fr\/en\/wp-json\/wp\/v2\/media\/6085"}],"wp:attachment":[{"href":"https:\/\/reviens-y.fr\/en\/wp-json\/wp\/v2\/media?parent=6082"}],"wp:term":[{"taxonomy":"product_brand","embeddable":true,"href":"https:\/\/reviens-y.fr\/en\/wp-json\/wp\/v2\/product_brand?post=6082"},{"taxonomy":"product_cat","embeddable":true,"href":"https:\/\/reviens-y.fr\/en\/wp-json\/wp\/v2\/product_cat?post=6082"},{"taxonomy":"product_tag","embeddable":true,"href":"https:\/\/reviens-y.fr\/en\/wp-json\/wp\/v2\/product_tag?post=6082"}],"curies":[{"name":"wp","href":"https:\/\/api.w.org\/{rel}","templated":true}]}}