{"id":6094,"date":"2026-03-19T16:42:33","date_gmt":"2026-03-19T16:42:33","guid":{"rendered":"https:\/\/reviens-y.fr\/produit\/affiche-la-place-des-ecritures\/"},"modified":"2026-03-19T16:42:43","modified_gmt":"2026-03-19T16:42:43","slug":"affiche-la-place-des-ecritures","status":"publish","type":"product","link":"https:\/\/reviens-y.fr\/en\/product\/affiche-la-place-des-ecritures\/","title":{"rendered":"Affiche <br> La place des \u00e9critures"},"content":{"rendered":"<p>Sublimez votre int\u00e9rieur avec cette affiche de Figeac illustrant la c\u00e9l\u00e8bre Place des \u00c9critures. Ce tirage d\u2019art s\u00e9pia met en valeur la reproduction g\u00e9ante de la Pierre de Rosette, \u0153uvre de Joseph Kosuth en l\u2019honneur de Champollion. Une d\u00e9coration murale \u00e9l\u00e9gante, id\u00e9ale pour les passionn\u00e9s d\u2019histoire et d\u2019\u00e9gyptologie !<br \/>\n\u2013<br \/>\nApportez une touche unique \u00e0 votre int\u00e9rieur avec cette affiche imprim\u00e9e en jet d\u2019encre multicolore \u00e0 base d\u2019eau, offrant un rendu pr\u00e9cis, des couleurs profondes et une finition mate \u00e9l\u00e9gante. Chaque affiche est r\u00e9alis\u00e9e sur un papier de qualit\u00e9 sup\u00e9rieure, con\u00e7u pour r\u00e9sister au temps et conserver toute sa luminosit\u00e9.<br \/>\nDisponible en deux formats : 30\u00d740 cm et 50\u00d770 cm ; elle s\u2019int\u00e8gre facilement dans tout type d\u2019espace, du bureau au salon, en passant par la chambre.<\/p>\n<p>\u2013 Technique d\u2019impression : jet d\u2019encre multicolore \u00e0 base d\u2019eau<br \/>\n\u2013 Finition : mate (absorbant la lumi\u00e8re, sans reflet)<br \/>\n\u2013 Type de papier : Couch\u00e9 premium<br \/>\n\u2013 \u00c9paisseur : 0,145 mm<br \/>\n\u2013 Grammage : 170 g\/m\u00b2<br \/>\n\u2013 Opacit\u00e9 : 97,5 %<br \/>\n\u2013 Luminosit\u00e9 ISO : 38 %<br \/>\n\u2013 Origine du papier : Japon<br \/>\n\u2013 Formats disponibles :<br \/>\n\u2022 30 \u00d7 40 cm<br \/>\n\u2022 50 \u00d7 70 cm<\/p>","protected":false},"excerpt":{"rendered":"<p>Sublimez votre int\u00e9rieur avec cette affiche de Figeac illustrant la c\u00e9l\u00e8bre Place des \u00c9critures. Ce tirage d\u2019art s\u00e9pia met en valeur la reproduction g\u00e9ante de la Pierre de Rosette, \u0153uvre de Joseph Kosuth en l\u2019honneur de Champollion. Une d\u00e9coration murale \u00e9l\u00e9gante, id\u00e9ale pour les passionn\u00e9s d\u2019histoire et d\u2019\u00e9gyptologie ! \u2013 Apportez une touche unique \u00e0 [&hellip;]<\/p>\n","protected":false},"featured_media":6097,"comment_status":"open","ping_status":"closed","template":"","meta":{"_acf_changed":false},"product_brand":[],"product_cat":[94,140,144],"product_tag":[],"class_list":{"0":"post-6094","1":"product","2":"type-product","3":"status-publish","4":"has-post-thumbnail","6":"product_cat-affiches","7":"product_cat-figeac","8":"product_cat-la-place-des-ecritures","10":"first","11":"instock","12":"taxable","13":"shipping-taxable","14":"purchasable","15":"product-type-variable"},"acf":[],"_links":{"self":[{"href":"https:\/\/reviens-y.fr\/en\/wp-json\/wp\/v2\/product\/6094","targetHints":{"allow":["GET"]}}],"collection":[{"href":"https:\/\/reviens-y.fr\/en\/wp-json\/wp\/v2\/product"}],"about":[{"href":"https:\/\/reviens-y.fr\/en\/wp-json\/wp\/v2\/types\/product"}],"replies":[{"embeddable":true,"href":"https:\/\/reviens-y.fr\/en\/wp-json\/wp\/v2\/comments?post=6094"}],"wp:featuredmedia":[{"embeddable":true,"href":"https:\/\/reviens-y.fr\/en\/wp-json\/wp\/v2\/media\/6097"}],"wp:attachment":[{"href":"https:\/\/reviens-y.fr\/en\/wp-json\/wp\/v2\/media?parent=6094"}],"wp:term":[{"taxonomy":"product_brand","embeddable":true,"href":"https:\/\/reviens-y.fr\/en\/wp-json\/wp\/v2\/product_brand?post=6094"},{"taxonomy":"product_cat","embeddable":true,"href":"https:\/\/reviens-y.fr\/en\/wp-json\/wp\/v2\/product_cat?post=6094"},{"taxonomy":"product_tag","embeddable":true,"href":"https:\/\/reviens-y.fr\/en\/wp-json\/wp\/v2\/product_tag?post=6094"}],"curies":[{"name":"wp","href":"https:\/\/api.w.org\/{rel}","templated":true}]}}