{"id":6103,"date":"2026-03-23T08:36:20","date_gmt":"2026-03-23T08:36:20","guid":{"rendered":"https:\/\/reviens-y.fr\/produit\/t-shirt-unisexe-champollion-high-school\/"},"modified":"2026-03-23T08:36:32","modified_gmt":"2026-03-23T08:36:32","slug":"t-shirt-unisexe-champollion-high-school","status":"publish","type":"product","link":"https:\/\/reviens-y.fr\/en\/product\/t-shirt-unisexe-champollion-high-school\/","title":{"rendered":"T-shirt unisex <br> Champollion High School"},"content":{"rendered":"<p>Affichez votre fiert\u00e9 lotoise avec ce design r\u00e9tro type college de Figeac (46). C\u00e9l\u00e9brant le lyc\u00e9e Champollion et les superbes Vall\u00e9es du Lot et du C\u00e9l\u00e9, ce visuel vintage en vert et p\u00eache est parfait pour un t-shirt ou un sweat souvenir. Un design intemporel avec l&rsquo;ann\u00e9e d&rsquo;\u00e9tablissement 1965 et la phrase culte : &lsquo;Un p&rsquo;tit go\u00fbt de reviens-y&rsquo;. Id\u00e9al pour les passionn\u00e9s d&rsquo;histoire locale et les amoureux de la r\u00e9gion.<br \/>\n\u2013<br \/>\nT-shirt unisexe en coton, con\u00e7u pour un usage quotidien. Sa coupe r\u00e9guli\u00e8re facilite les mouvements, tandis que son tissu conserve sa forme lavage apr\u00e8s lavage. L\u00e9ger \u00e0 porter et simple \u00e0 entretenir, il convient \u00e0 toutes les saisons et s\u2019adapte \u00e0 diff\u00e9rents styles.<\/p>\n<p>\u2022 170\u2013180 g\/m\u00b2<br \/>\n\u2022 Fabrication tubulaire sans coutures lat\u00e9rales<br \/>\n\u2022 Coutures renforc\u00e9es et bande de propret\u00e9 au col et aux \u00e9paules<br \/>\n\u2022 Composition : 100 % coton ou Sport Grey (90 % coton, 10 % polyester)<br \/>\n\u2022 Lavage en machine \u00e0 30\u00b0C<br \/>\n\u2022 Sans polyester recycl\u00e9 ni substances dangereuses<br \/>\n\u2022 Le blanc peut pr\u00e9senter un aspect blanc cass\u00e9 naturel<\/p>","protected":false},"excerpt":{"rendered":"<p>Affichez votre fiert\u00e9 lotoise avec ce design r\u00e9tro type college de Figeac (46). C\u00e9l\u00e9brant le lyc\u00e9e Champollion et les superbes Vall\u00e9es du Lot et du C\u00e9l\u00e9, ce visuel vintage en vert et p\u00eache est parfait pour un t-shirt ou un sweat souvenir. Un design intemporel avec l&rsquo;ann\u00e9e d&rsquo;\u00e9tablissement 1965 et la phrase culte : &lsquo;Un [&hellip;]<\/p>\n","protected":false},"featured_media":6112,"comment_status":"open","ping_status":"closed","template":"","meta":{"_acf_changed":false},"product_brand":[],"product_cat":[145,140,68],"product_tag":[],"class_list":{"0":"post-6103","1":"product","2":"type-product","3":"status-publish","4":"has-post-thumbnail","6":"product_cat-champollion-high-school","7":"product_cat-figeac","8":"product_cat-t-shirts","10":"first","11":"instock","12":"taxable","13":"shipping-taxable","14":"purchasable","15":"product-type-variable"},"acf":[],"_links":{"self":[{"href":"https:\/\/reviens-y.fr\/en\/wp-json\/wp\/v2\/product\/6103","targetHints":{"allow":["GET"]}}],"collection":[{"href":"https:\/\/reviens-y.fr\/en\/wp-json\/wp\/v2\/product"}],"about":[{"href":"https:\/\/reviens-y.fr\/en\/wp-json\/wp\/v2\/types\/product"}],"replies":[{"embeddable":true,"href":"https:\/\/reviens-y.fr\/en\/wp-json\/wp\/v2\/comments?post=6103"}],"wp:featuredmedia":[{"embeddable":true,"href":"https:\/\/reviens-y.fr\/en\/wp-json\/wp\/v2\/media\/6112"}],"wp:attachment":[{"href":"https:\/\/reviens-y.fr\/en\/wp-json\/wp\/v2\/media?parent=6103"}],"wp:term":[{"taxonomy":"product_brand","embeddable":true,"href":"https:\/\/reviens-y.fr\/en\/wp-json\/wp\/v2\/product_brand?post=6103"},{"taxonomy":"product_cat","embeddable":true,"href":"https:\/\/reviens-y.fr\/en\/wp-json\/wp\/v2\/product_cat?post=6103"},{"taxonomy":"product_tag","embeddable":true,"href":"https:\/\/reviens-y.fr\/en\/wp-json\/wp\/v2\/product_tag?post=6103"}],"curies":[{"name":"wp","href":"https:\/\/api.w.org\/{rel}","templated":true}]}}