{"id":6115,"date":"2026-03-23T09:53:35","date_gmt":"2026-03-23T09:53:35","guid":{"rendered":"https:\/\/reviens-y.fr\/produit\/hoodie-unisexe-champollion-high-school\/"},"modified":"2026-03-23T09:53:52","modified_gmt":"2026-03-23T09:53:52","slug":"hoodie-unisexe-champollion-high-school","status":"publish","type":"product","link":"https:\/\/reviens-y.fr\/en\/product\/hoodie-unisexe-champollion-high-school\/","title":{"rendered":"Hoodie unisexe <br> Champollion High School"},"content":{"rendered":"<p>Affichez votre fiert\u00e9 lotoise avec ce design r\u00e9tro type college de Figeac (46). C\u00e9l\u00e9brant le lyc\u00e9e Champollion et les superbes Vall\u00e9es du Lot et du C\u00e9l\u00e9, ce visuel vintage en vert et p\u00eache est parfait pour un t-shirt ou un sweat souvenir. Un design intemporel avec l\u2019ann\u00e9e d\u2019\u00e9tablissement 1965 et la phrase culte : \u2018Un p\u2019tit go\u00fbt de reviens-y\u2019. Id\u00e9al pour les passionn\u00e9s d\u2019histoire locale et les amoureux de la r\u00e9gion.<br \/>\n\u2013<br \/>\nSweat \u00e0 capuche unisexe con\u00e7u pour un usage quotidien, offrant chaleur et confort lors des journ\u00e9es fra\u00eeches. Sa coupe classique et sa grande poche frontale en font une pi\u00e8ce pratique et facile \u00e0 porter. La capuche doubl\u00e9e avec cordon de serrage assorti assure une protection suppl\u00e9mentaire contre le froid.<\/p>\n<p>\u2022 271 g\/m\u00b2<br \/>\n\u2022 50 % coton pr\u00e9r\u00e9tr\u00e9ci, 50 % polyester<br \/>\n\u2022 Tissu fil\u00e9 par jet d\u2019air pour un toucher doux et moins de boulochage<br \/>\n\u2022 Capuche \u00e0 double doublure avec cordon assorti<br \/>\n\u2022 Poignets et ceinture en tricot c\u00f4tel\u00e9 1\u00d71 avec \u00e9lasthanne<br \/>\n\u2022 Couture double aux \u00e9paules, poignets et ourlet<br \/>\n\u2022 Le blanc peut appara\u00eetre blanc cass\u00e9 naturel<\/p>","protected":false},"excerpt":{"rendered":"<p>Affichez votre fiert\u00e9 lotoise avec ce design r\u00e9tro type college de Figeac (46). C\u00e9l\u00e9brant le lyc\u00e9e Champollion et les superbes Vall\u00e9es du Lot et du C\u00e9l\u00e9, ce visuel vintage en vert et p\u00eache est parfait pour un t-shirt ou un sweat souvenir. Un design intemporel avec l\u2019ann\u00e9e d\u2019\u00e9tablissement 1965 et la phrase culte : \u2018Un [&hellip;]<\/p>\n","protected":false},"featured_media":6128,"comment_status":"open","ping_status":"closed","template":"","meta":{"_acf_changed":false},"product_brand":[],"product_cat":[145,140,69],"product_tag":[],"class_list":{"0":"post-6115","1":"product","2":"type-product","3":"status-publish","4":"has-post-thumbnail","6":"product_cat-champollion-high-school","7":"product_cat-figeac","8":"product_cat-hoodies","10":"first","11":"instock","12":"taxable","13":"shipping-taxable","14":"purchasable","15":"product-type-variable"},"acf":[],"_links":{"self":[{"href":"https:\/\/reviens-y.fr\/en\/wp-json\/wp\/v2\/product\/6115","targetHints":{"allow":["GET"]}}],"collection":[{"href":"https:\/\/reviens-y.fr\/en\/wp-json\/wp\/v2\/product"}],"about":[{"href":"https:\/\/reviens-y.fr\/en\/wp-json\/wp\/v2\/types\/product"}],"replies":[{"embeddable":true,"href":"https:\/\/reviens-y.fr\/en\/wp-json\/wp\/v2\/comments?post=6115"}],"wp:featuredmedia":[{"embeddable":true,"href":"https:\/\/reviens-y.fr\/en\/wp-json\/wp\/v2\/media\/6128"}],"wp:attachment":[{"href":"https:\/\/reviens-y.fr\/en\/wp-json\/wp\/v2\/media?parent=6115"}],"wp:term":[{"taxonomy":"product_brand","embeddable":true,"href":"https:\/\/reviens-y.fr\/en\/wp-json\/wp\/v2\/product_brand?post=6115"},{"taxonomy":"product_cat","embeddable":true,"href":"https:\/\/reviens-y.fr\/en\/wp-json\/wp\/v2\/product_cat?post=6115"},{"taxonomy":"product_tag","embeddable":true,"href":"https:\/\/reviens-y.fr\/en\/wp-json\/wp\/v2\/product_tag?post=6115"}],"curies":[{"name":"wp","href":"https:\/\/api.w.org\/{rel}","templated":true}]}}