{"id":6166,"date":"2026-03-23T10:13:06","date_gmt":"2026-03-23T10:13:06","guid":{"rendered":"https:\/\/reviens-y.fr\/produit\/mug-blanc-brillant-champollion-high-school\/"},"modified":"2026-03-23T10:13:17","modified_gmt":"2026-03-23T10:13:17","slug":"mug-blanc-brillant-champollion-high-school","status":"publish","type":"product","link":"https:\/\/reviens-y.fr\/en\/product\/mug-blanc-brillant-champollion-high-school\/","title":{"rendered":"Glossy white mug <br> Champollion High School"},"content":{"rendered":"<p>Affichez votre fiert\u00e9 lotoise avec ce design r\u00e9tro type coll\u00e8ge de Figeac (46). C\u00e9l\u00e9brant le lyc\u00e9e Champollion et les superbes Vall\u00e9es du Lot et du C\u00e9l\u00e9, ce visuel vintage en vert et p\u00eache est parfait pour un t-shirt ou un sweat souvenir. Un design intemporel avec l\u2019ann\u00e9e d\u2019\u00e9tablissement 1965 et la phrase culte : \u2018Un p\u2019tit go\u00fbt de reviens-y\u2019. Id\u00e9al pour les passionn\u00e9s d\u2019histoire locale et les amoureux de la r\u00e9gion.<br \/>\n\u2013<br \/>\nMug en c\u00e9ramique, pratique et r\u00e9sistant, id\u00e9al pour savourer vos boissons chaudes au quotidien. Sa finition blanche brillante met en valeur les visuels imprim\u00e9s, qui conservent leur \u00e9clat m\u00eame apr\u00e8s plusieurs passages au lave-vaisselle ou au micro-ondes.<\/p>\n<p>\u2022 C\u00e9ramique sans BPA et sans plomb<br \/>\n\u2022 Passe au lave-vaisselle et au micro-ondes<br \/>\n\u2022 Finition blanche brillante<br \/>\n\u2022 Taille 11 oz : 9,6 cm de hauteur \u00d7 8,2 cm de diam\u00e8tre<br \/>\n\u2022 L\u00e9g\u00e8res variations de taille possibles (+\/- 2 mm)<\/p>","protected":false},"excerpt":{"rendered":"<p>Affichez votre fiert\u00e9 lotoise avec ce design r\u00e9tro type coll\u00e8ge de Figeac (46). C\u00e9l\u00e9brant le lyc\u00e9e Champollion et les superbes Vall\u00e9es du Lot et du C\u00e9l\u00e9, ce visuel vintage en vert et p\u00eache est parfait pour un t-shirt ou un sweat souvenir. Un design intemporel avec l\u2019ann\u00e9e d\u2019\u00e9tablissement 1965 et la phrase culte : \u2018Un [&hellip;]<\/p>\n","protected":false},"featured_media":6167,"comment_status":"open","ping_status":"closed","template":"","meta":{"_acf_changed":false},"product_brand":[],"product_cat":[145,140,73],"product_tag":[],"class_list":{"0":"post-6166","1":"product","2":"type-product","3":"status-publish","4":"has-post-thumbnail","6":"product_cat-champollion-high-school","7":"product_cat-figeac","8":"product_cat-mugs","10":"first","11":"instock","12":"taxable","13":"shipping-taxable","14":"purchasable","15":"product-type-simple"},"acf":[],"_links":{"self":[{"href":"https:\/\/reviens-y.fr\/en\/wp-json\/wp\/v2\/product\/6166","targetHints":{"allow":["GET"]}}],"collection":[{"href":"https:\/\/reviens-y.fr\/en\/wp-json\/wp\/v2\/product"}],"about":[{"href":"https:\/\/reviens-y.fr\/en\/wp-json\/wp\/v2\/types\/product"}],"replies":[{"embeddable":true,"href":"https:\/\/reviens-y.fr\/en\/wp-json\/wp\/v2\/comments?post=6166"}],"wp:featuredmedia":[{"embeddable":true,"href":"https:\/\/reviens-y.fr\/en\/wp-json\/wp\/v2\/media\/6167"}],"wp:attachment":[{"href":"https:\/\/reviens-y.fr\/en\/wp-json\/wp\/v2\/media?parent=6166"}],"wp:term":[{"taxonomy":"product_brand","embeddable":true,"href":"https:\/\/reviens-y.fr\/en\/wp-json\/wp\/v2\/product_brand?post=6166"},{"taxonomy":"product_cat","embeddable":true,"href":"https:\/\/reviens-y.fr\/en\/wp-json\/wp\/v2\/product_cat?post=6166"},{"taxonomy":"product_tag","embeddable":true,"href":"https:\/\/reviens-y.fr\/en\/wp-json\/wp\/v2\/product_tag?post=6166"}],"curies":[{"name":"wp","href":"https:\/\/api.w.org\/{rel}","templated":true}]}}