{"id":6170,"date":"2026-03-23T10:15:21","date_gmt":"2026-03-23T10:15:21","guid":{"rendered":"https:\/\/reviens-y.fr\/produit\/affiche-champollion-high-school\/"},"modified":"2026-03-23T10:15:32","modified_gmt":"2026-03-23T10:15:32","slug":"affiche-champollion-high-school","status":"publish","type":"product","link":"https:\/\/reviens-y.fr\/en\/product\/affiche-champollion-high-school\/","title":{"rendered":"Affiche <br> Champollion High School"},"content":{"rendered":"<p>Affichez votre fiert\u00e9 lotoise avec ce design r\u00e9tro type college de Figeac (46). C\u00e9l\u00e9brant le lyc\u00e9e Champollion et les superbes Vall\u00e9es du Lot et du C\u00e9l\u00e9, ce visuel vintage en vert et p\u00eache est parfait pour un t-shirt ou un sweat souvenir. Un design intemporel avec l\u2019ann\u00e9e d\u2019\u00e9tablissement 1965 et la phrase culte : \u2018Un p\u2019tit go\u00fbt de reviens-y\u2019. Id\u00e9al pour les passionn\u00e9s d\u2019histoire locale et les amoureux de la r\u00e9gion.<br \/>\n\u2013<br \/>\nApportez une touche unique \u00e0 votre int\u00e9rieur avec cette affiche imprim\u00e9e en jet d\u2019encre multicolore \u00e0 base d\u2019eau, offrant un rendu pr\u00e9cis, des couleurs profondes et une finition mate \u00e9l\u00e9gante. Chaque affiche est r\u00e9alis\u00e9e sur un papier de qualit\u00e9 sup\u00e9rieure, con\u00e7u pour r\u00e9sister au temps et conserver toute sa luminosit\u00e9.<br \/>\nDisponible en deux formats : 30\u00d740 cm et 50\u00d770 cm ; elle s\u2019int\u00e8gre facilement dans tout type d\u2019espace, du bureau au salon, en passant par la chambre.<\/p>\n<p>\u2013 Technique d\u2019impression : jet d\u2019encre multicolore \u00e0 base d\u2019eau<br \/>\n\u2013 Finition : mate (absorbant la lumi\u00e8re, sans reflet)<br \/>\n\u2013 Type de papier : Couch\u00e9 premium<br \/>\n\u2013 \u00c9paisseur : 0,145 mm<br \/>\n\u2013 Grammage : 170 g\/m\u00b2<br \/>\n\u2013 Opacit\u00e9 : 97,5 %<br \/>\n\u2013 Luminosit\u00e9 ISO : 38 %<br \/>\n\u2013 Origine du papier : Japon<br \/>\n\u2013 Formats disponibles :<br \/>\n\u2022 30 \u00d7 40 cm<br \/>\n\u2022 50 \u00d7 70 cm<\/p>","protected":false},"excerpt":{"rendered":"<p>Affichez votre fiert\u00e9 lotoise avec ce design r\u00e9tro type college de Figeac (46). C\u00e9l\u00e9brant le lyc\u00e9e Champollion et les superbes Vall\u00e9es du Lot et du C\u00e9l\u00e9, ce visuel vintage en vert et p\u00eache est parfait pour un t-shirt ou un sweat souvenir. Un design intemporel avec l\u2019ann\u00e9e d\u2019\u00e9tablissement 1965 et la phrase culte : \u2018Un [&hellip;]<\/p>\n","protected":false},"featured_media":6173,"comment_status":"open","ping_status":"closed","template":"","meta":{"_acf_changed":false},"product_brand":[],"product_cat":[94,145,140],"product_tag":[],"class_list":{"0":"post-6170","1":"product","2":"type-product","3":"status-publish","4":"has-post-thumbnail","6":"product_cat-affiches","7":"product_cat-champollion-high-school","8":"product_cat-figeac","10":"first","11":"instock","12":"taxable","13":"shipping-taxable","14":"purchasable","15":"product-type-variable"},"acf":[],"_links":{"self":[{"href":"https:\/\/reviens-y.fr\/en\/wp-json\/wp\/v2\/product\/6170","targetHints":{"allow":["GET"]}}],"collection":[{"href":"https:\/\/reviens-y.fr\/en\/wp-json\/wp\/v2\/product"}],"about":[{"href":"https:\/\/reviens-y.fr\/en\/wp-json\/wp\/v2\/types\/product"}],"replies":[{"embeddable":true,"href":"https:\/\/reviens-y.fr\/en\/wp-json\/wp\/v2\/comments?post=6170"}],"wp:featuredmedia":[{"embeddable":true,"href":"https:\/\/reviens-y.fr\/en\/wp-json\/wp\/v2\/media\/6173"}],"wp:attachment":[{"href":"https:\/\/reviens-y.fr\/en\/wp-json\/wp\/v2\/media?parent=6170"}],"wp:term":[{"taxonomy":"product_brand","embeddable":true,"href":"https:\/\/reviens-y.fr\/en\/wp-json\/wp\/v2\/product_brand?post=6170"},{"taxonomy":"product_cat","embeddable":true,"href":"https:\/\/reviens-y.fr\/en\/wp-json\/wp\/v2\/product_cat?post=6170"},{"taxonomy":"product_tag","embeddable":true,"href":"https:\/\/reviens-y.fr\/en\/wp-json\/wp\/v2\/product_tag?post=6170"}],"curies":[{"name":"wp","href":"https:\/\/api.w.org\/{rel}","templated":true}]}}