{"id":6177,"date":"2026-03-23T10:16:48","date_gmt":"2026-03-23T10:16:48","guid":{"rendered":"https:\/\/reviens-y.fr\/produit\/carte-postale-champollion-high-school\/"},"modified":"2026-03-23T10:16:55","modified_gmt":"2026-03-23T10:16:55","slug":"carte-postale-champollion-high-school","status":"publish","type":"product","link":"https:\/\/reviens-y.fr\/en\/product\/carte-postale-champollion-high-school\/","title":{"rendered":"Carte postale <br> Champollion High School"},"content":{"rendered":"<p>Affichez votre fiert\u00e9 lotoise avec ce design r\u00e9tro type college de Figeac (46). C\u00e9l\u00e9brant le lyc\u00e9e Champollion et les superbes Vall\u00e9es du Lot et du C\u00e9l\u00e9, ce visuel vintage en vert et p\u00eache est parfait pour un t-shirt ou un sweat souvenir. Un design intemporel avec l\u2019ann\u00e9e d\u2019\u00e9tablissement 1965 et la phrase culte : \u2018Un p\u2019tit go\u00fbt de reviens-y\u2019. Id\u00e9al pour les passionn\u00e9s d\u2019histoire locale et les amoureux de la r\u00e9gion.<br \/>\n\u2013<br \/>\nUne carte postale con\u00e7ue pour durer, avec une impression nette et des couleurs fid\u00e8les. Fabriqu\u00e9e sur un papier cartonn\u00e9 \u00e9pais de qualit\u00e9 professionnelle (260 \u00e0 350 g\/m\u00b2), elle offre une surface ext\u00e9rieure l\u00e9g\u00e8rement satin\u00e9e, id\u00e9ale pour les visuels d\u00e9taill\u00e9s, et un verso pens\u00e9 pour l\u2019\u00e9criture.<br \/>\nAvec son format standard 10 \u00d7 15 cm, elle s\u2019adapte \u00e0 tous les usages : envoi postal, carte souvenir, communication visuelle ou \u00e9l\u00e9ment d\u00e9coratif.<\/p>\n<p>\u2013 Technique d\u2019impression : impression laser num\u00e9rique \u00e0 base de toner<br \/>\n\u2013 Finition : mate, avec surface ext\u00e9rieure l\u00e9g\u00e8rement brillante<br \/>\n\u2013 Type de papier : carton rigide premium<br \/>\n\u2013 Poids du papier : 260 \u2013 350 g\/m\u00b2<br \/>\n\u2013 \u00c9paisseur : 0,34 mm<br \/>\n\u2013 Format : 10 \u00d7 15 cm (4 \u00d7 6\u201d)<br \/>\n\u2013 Surface ext\u00e9rieure : lamin\u00e9e, excellente pour l\u2019impression d\u2019images<br \/>\n\u2013 Surface int\u00e9rieure : l\u00e9g\u00e8rement enduite, parfaite pour l\u2019\u00e9criture au stylo-bille<\/p>","protected":false},"excerpt":{"rendered":"<p>Affichez votre fiert\u00e9 lotoise avec ce design r\u00e9tro type college de Figeac (46). C\u00e9l\u00e9brant le lyc\u00e9e Champollion et les superbes Vall\u00e9es du Lot et du C\u00e9l\u00e9, ce visuel vintage en vert et p\u00eache est parfait pour un t-shirt ou un sweat souvenir. Un design intemporel avec l\u2019ann\u00e9e d\u2019\u00e9tablissement 1965 et la phrase culte : \u2018Un [&hellip;]<\/p>\n","protected":false},"featured_media":6178,"comment_status":"open","ping_status":"closed","template":"","meta":{"_acf_changed":false},"product_brand":[],"product_cat":[95,145,140],"product_tag":[],"class_list":{"0":"post-6177","1":"product","2":"type-product","3":"status-publish","4":"has-post-thumbnail","6":"product_cat-cartes-postales","7":"product_cat-champollion-high-school","8":"product_cat-figeac","10":"first","11":"instock","12":"taxable","13":"shipping-taxable","14":"purchasable","15":"product-type-simple"},"acf":[],"_links":{"self":[{"href":"https:\/\/reviens-y.fr\/en\/wp-json\/wp\/v2\/product\/6177","targetHints":{"allow":["GET"]}}],"collection":[{"href":"https:\/\/reviens-y.fr\/en\/wp-json\/wp\/v2\/product"}],"about":[{"href":"https:\/\/reviens-y.fr\/en\/wp-json\/wp\/v2\/types\/product"}],"replies":[{"embeddable":true,"href":"https:\/\/reviens-y.fr\/en\/wp-json\/wp\/v2\/comments?post=6177"}],"wp:featuredmedia":[{"embeddable":true,"href":"https:\/\/reviens-y.fr\/en\/wp-json\/wp\/v2\/media\/6178"}],"wp:attachment":[{"href":"https:\/\/reviens-y.fr\/en\/wp-json\/wp\/v2\/media?parent=6177"}],"wp:term":[{"taxonomy":"product_brand","embeddable":true,"href":"https:\/\/reviens-y.fr\/en\/wp-json\/wp\/v2\/product_brand?post=6177"},{"taxonomy":"product_cat","embeddable":true,"href":"https:\/\/reviens-y.fr\/en\/wp-json\/wp\/v2\/product_cat?post=6177"},{"taxonomy":"product_tag","embeddable":true,"href":"https:\/\/reviens-y.fr\/en\/wp-json\/wp\/v2\/product_tag?post=6177"}],"curies":[{"name":"wp","href":"https:\/\/api.w.org\/{rel}","templated":true}]}}