{"id":6201,"date":"2026-03-23T10:46:00","date_gmt":"2026-03-23T10:46:00","guid":{"rendered":"https:\/\/reviens-y.fr\/produit\/casquette-la-cite-medievale\/"},"modified":"2026-03-23T10:46:09","modified_gmt":"2026-03-23T10:46:09","slug":"casquette-la-cite-medievale","status":"publish","type":"product","link":"https:\/\/reviens-y.fr\/en\/product\/casquette-la-cite-medievale\/","title":{"rendered":"Cap <br> La Cit\u00e9 m\u00e9di\u00e9vale"},"content":{"rendered":"<p>Illustration de Figeac au style graphique moderne, mettant en valeur une maison \u00e0 colombages typique et l\u2019architecture m\u00e9di\u00e9vale du Lot. Le traitement des formes et des couleurs souligne le relief, les mati\u00e8res et la lumi\u00e8re, offrant une interpr\u00e9tation contemporaine du patrimoine local.<br \/>\n\u2013<br \/>\nUnisex cap with a curved visor, combining comfort and style for everyday wear. Its unstructured shape and adjustable strap allow for easy fitting, while its twill cotton fabric offers great durability over time.<\/p>\n<p>\u2022 100% chino cotton twill<br \/>\n\u2022 Unstructured, low-profile, flat visor<br \/>\n\u2022 6 embroidered eyelets<br \/>\n\u2022 Couronne de 3 \u215b \u00bb<br \/>\n\u2022 Adjustable strap with antique-style metal buckle<\/p>","protected":false},"excerpt":{"rendered":"<p>Illustration de Figeac au style graphique moderne, mettant en valeur une maison \u00e0 colombages typique et l\u2019architecture m\u00e9di\u00e9vale du Lot. Le traitement des formes et des couleurs souligne le relief, les mati\u00e8res et la lumi\u00e8re, offrant une interpr\u00e9tation contemporaine du patrimoine local. \u2013 Casquette unisexe \u00e0 visi\u00e8re incurv\u00e9e, alliant confort et style pour un usage [&hellip;]<\/p>\n","protected":false},"featured_media":6202,"comment_status":"open","ping_status":"closed","template":"","meta":{"_acf_changed":false},"product_brand":[],"product_cat":[71,140,146],"product_tag":[],"class_list":{"0":"post-6201","1":"product","2":"type-product","3":"status-publish","4":"has-post-thumbnail","6":"product_cat-casquettes","7":"product_cat-figeac","8":"product_cat-la-cite-medievale","10":"first","11":"instock","12":"taxable","13":"shipping-taxable","14":"purchasable","15":"product-type-simple"},"acf":[],"_links":{"self":[{"href":"https:\/\/reviens-y.fr\/en\/wp-json\/wp\/v2\/product\/6201","targetHints":{"allow":["GET"]}}],"collection":[{"href":"https:\/\/reviens-y.fr\/en\/wp-json\/wp\/v2\/product"}],"about":[{"href":"https:\/\/reviens-y.fr\/en\/wp-json\/wp\/v2\/types\/product"}],"replies":[{"embeddable":true,"href":"https:\/\/reviens-y.fr\/en\/wp-json\/wp\/v2\/comments?post=6201"}],"wp:featuredmedia":[{"embeddable":true,"href":"https:\/\/reviens-y.fr\/en\/wp-json\/wp\/v2\/media\/6202"}],"wp:attachment":[{"href":"https:\/\/reviens-y.fr\/en\/wp-json\/wp\/v2\/media?parent=6201"}],"wp:term":[{"taxonomy":"product_brand","embeddable":true,"href":"https:\/\/reviens-y.fr\/en\/wp-json\/wp\/v2\/product_brand?post=6201"},{"taxonomy":"product_cat","embeddable":true,"href":"https:\/\/reviens-y.fr\/en\/wp-json\/wp\/v2\/product_cat?post=6201"},{"taxonomy":"product_tag","embeddable":true,"href":"https:\/\/reviens-y.fr\/en\/wp-json\/wp\/v2\/product_tag?post=6201"}],"curies":[{"name":"wp","href":"https:\/\/api.w.org\/{rel}","templated":true}]}}