{"id":6258,"date":"2026-03-23T11:35:54","date_gmt":"2026-03-23T11:35:54","guid":{"rendered":"https:\/\/reviens-y.fr\/produit\/casquette-brodee-les-hieroglyphes-de-figeac\/"},"modified":"2026-03-23T11:36:15","modified_gmt":"2026-03-23T11:36:15","slug":"casquette-brodee-les-hieroglyphes-de-figeac","status":"publish","type":"product","link":"https:\/\/reviens-y.fr\/en\/product\/casquette-brodee-les-hieroglyphes-de-figeac\/","title":{"rendered":"Casquette brod\u00e9e <br> Les hi\u00e9roglyphes de Figeac"},"content":{"rendered":"<p>Composition graphique inspir\u00e9e des hi\u00e9roglyphes de Figeac, en r\u00e9f\u00e9rence \u00e0 Champollion et \u00e0 son lien avec la ville. Les symboles et formes stylis\u00e9es \u00e9voquent l\u2019\u00e9criture \u00e9gyptienne \u00e0 travers une interpr\u00e9tation contemporaine, ancr\u00e9e dans l\u2019histoire et le patrimoine du Lot.<br \/>\n\u2013<br \/>\nUnisex cap with a curved visor, combining comfort and style for everyday wear. Its unstructured shape and adjustable strap allow for easy fitting, while its twill cotton fabric offers great durability over time.<\/p>\n<p>\u2022 100% chino cotton twill<br \/>\n\u2022 Unstructured, low-profile, flat visor<br \/>\n\u2022 6 embroidered eyelets<br \/>\n\u2022 Couronne de 3 \u215b \u00bb<br \/>\n\u2022 Adjustable strap with antique-style metal buckle<\/p>","protected":false},"excerpt":{"rendered":"<p>Composition graphique inspir\u00e9e des hi\u00e9roglyphes de Figeac, en r\u00e9f\u00e9rence \u00e0 Champollion et \u00e0 son lien avec la ville. Les symboles et formes stylis\u00e9es \u00e9voquent l\u2019\u00e9criture \u00e9gyptienne \u00e0 travers une interpr\u00e9tation contemporaine, ancr\u00e9e dans l\u2019histoire et le patrimoine du Lot. \u2013 Casquette unisexe \u00e0 visi\u00e8re incurv\u00e9e, alliant confort et style pour un usage quotidien. Sa forme [&hellip;]<\/p>\n","protected":false},"featured_media":6262,"comment_status":"open","ping_status":"closed","template":"","meta":{"_acf_changed":false},"product_brand":[],"product_cat":[71,140,147],"product_tag":[],"class_list":{"0":"post-6258","1":"product","2":"type-product","3":"status-publish","4":"has-post-thumbnail","6":"product_cat-casquettes","7":"product_cat-figeac","8":"product_cat-les-hieroglyphes-de-figeac","10":"first","11":"instock","12":"taxable","13":"shipping-taxable","14":"purchasable","15":"product-type-variable"},"acf":[],"_links":{"self":[{"href":"https:\/\/reviens-y.fr\/en\/wp-json\/wp\/v2\/product\/6258","targetHints":{"allow":["GET"]}}],"collection":[{"href":"https:\/\/reviens-y.fr\/en\/wp-json\/wp\/v2\/product"}],"about":[{"href":"https:\/\/reviens-y.fr\/en\/wp-json\/wp\/v2\/types\/product"}],"replies":[{"embeddable":true,"href":"https:\/\/reviens-y.fr\/en\/wp-json\/wp\/v2\/comments?post=6258"}],"wp:featuredmedia":[{"embeddable":true,"href":"https:\/\/reviens-y.fr\/en\/wp-json\/wp\/v2\/media\/6262"}],"wp:attachment":[{"href":"https:\/\/reviens-y.fr\/en\/wp-json\/wp\/v2\/media?parent=6258"}],"wp:term":[{"taxonomy":"product_brand","embeddable":true,"href":"https:\/\/reviens-y.fr\/en\/wp-json\/wp\/v2\/product_brand?post=6258"},{"taxonomy":"product_cat","embeddable":true,"href":"https:\/\/reviens-y.fr\/en\/wp-json\/wp\/v2\/product_cat?post=6258"},{"taxonomy":"product_tag","embeddable":true,"href":"https:\/\/reviens-y.fr\/en\/wp-json\/wp\/v2\/product_tag?post=6258"}],"curies":[{"name":"wp","href":"https:\/\/api.w.org\/{rel}","templated":true}]}}