{"id":6269,"date":"2026-03-23T11:37:21","date_gmt":"2026-03-23T11:37:21","guid":{"rendered":"https:\/\/reviens-y.fr\/produit\/tote-bag-coton-bio-les-hieroglyphes-de-figeac\/"},"modified":"2026-03-23T11:48:15","modified_gmt":"2026-03-23T11:48:15","slug":"tote-bag-coton-bio-les-hieroglyphes-de-figeac","status":"publish","type":"product","link":"https:\/\/reviens-y.fr\/en\/product\/tote-bag-coton-bio-les-hieroglyphes-de-figeac\/","title":{"rendered":"Tote Bag coton Bio <br> Les hi\u00e9roglyphes de Figeac"},"content":{"rendered":"<p>Composition graphique inspir\u00e9e des hi\u00e9roglyphes de Figeac, en r\u00e9f\u00e9rence \u00e0 Champollion et \u00e0 son lien avec la ville. Les symboles et formes stylis\u00e9es \u00e9voquent l\u2019\u00e9criture \u00e9gyptienne \u00e0 travers une interpr\u00e9tation contemporaine, ancr\u00e9e dans l\u2019histoire et le patrimoine du Lot.<br \/>\n\u2013<br \/>\nTote bag en coton biologique robuste et pratique, id\u00e9al pour les courses, les livres ou un usage quotidien. Sa grande capacit\u00e9 et ses anses longues assurent confort et polyvalence, tout en garantissant un impact environnemental r\u00e9duit gr\u00e2ce \u00e0 sa fabrication certifi\u00e9e.<\/p>\n<p>\u2022 100 % coton biologique certifi\u00e9 serg\u00e9 3\/1<br \/>\n\u2022 272 g\/m\u00b2<br \/>\n\u2022 Dimensions : 40,6 \u00d7 35,6 \u00d7 12,7 cm<br \/>\n\u2022 Anses de 2,5 cm de large, longueur 62,2 cm<br \/>\n\u2022 Capacit\u00e9 maximale : 13,6 kg<br \/>\n\u2022 Compartiment principal ouvert<br \/>\n\u2022 Certifi\u00e9 GOTS et OCS pour son contenu en coton bio<br \/>\n\u2022 Certifi\u00e9 OEKO-TEX Standard 100 et approuv\u00e9 vegan par PETA<\/p>","protected":false},"excerpt":{"rendered":"<p>Composition graphique inspir\u00e9e des hi\u00e9roglyphes de Figeac, en r\u00e9f\u00e9rence \u00e0 Champollion et \u00e0 son lien avec la ville. Les symboles et formes stylis\u00e9es \u00e9voquent l\u2019\u00e9criture \u00e9gyptienne \u00e0 travers une interpr\u00e9tation contemporaine, ancr\u00e9e dans l\u2019histoire et le patrimoine du Lot. \u2013 Tote bag en coton biologique robuste et pratique, id\u00e9al pour les courses, les livres ou [&hellip;]<\/p>\n","protected":false},"featured_media":6305,"comment_status":"open","ping_status":"closed","template":"","meta":{"_acf_changed":false},"product_brand":[],"product_cat":[140,147,72],"product_tag":[],"class_list":{"0":"post-6269","1":"product","2":"type-product","3":"status-publish","4":"has-post-thumbnail","6":"product_cat-figeac","7":"product_cat-les-hieroglyphes-de-figeac","8":"product_cat-tote-bags","10":"first","11":"instock","12":"taxable","13":"shipping-taxable","14":"purchasable","15":"product-type-variable"},"acf":[],"_links":{"self":[{"href":"https:\/\/reviens-y.fr\/en\/wp-json\/wp\/v2\/product\/6269","targetHints":{"allow":["GET"]}}],"collection":[{"href":"https:\/\/reviens-y.fr\/en\/wp-json\/wp\/v2\/product"}],"about":[{"href":"https:\/\/reviens-y.fr\/en\/wp-json\/wp\/v2\/types\/product"}],"replies":[{"embeddable":true,"href":"https:\/\/reviens-y.fr\/en\/wp-json\/wp\/v2\/comments?post=6269"}],"wp:featuredmedia":[{"embeddable":true,"href":"https:\/\/reviens-y.fr\/en\/wp-json\/wp\/v2\/media\/6305"}],"wp:attachment":[{"href":"https:\/\/reviens-y.fr\/en\/wp-json\/wp\/v2\/media?parent=6269"}],"wp:term":[{"taxonomy":"product_brand","embeddable":true,"href":"https:\/\/reviens-y.fr\/en\/wp-json\/wp\/v2\/product_brand?post=6269"},{"taxonomy":"product_cat","embeddable":true,"href":"https:\/\/reviens-y.fr\/en\/wp-json\/wp\/v2\/product_cat?post=6269"},{"taxonomy":"product_tag","embeddable":true,"href":"https:\/\/reviens-y.fr\/en\/wp-json\/wp\/v2\/product_tag?post=6269"}],"curies":[{"name":"wp","href":"https:\/\/api.w.org\/{rel}","templated":true}]}}