{"id":6273,"date":"2026-03-23T11:40:28","date_gmt":"2026-03-23T11:40:28","guid":{"rendered":"https:\/\/reviens-y.fr\/produit\/mug-blanc-brillant-les-hieroglyphes-de-figeac\/"},"modified":"2026-03-23T11:40:38","modified_gmt":"2026-03-23T11:40:38","slug":"mug-blanc-brillant-les-hieroglyphes-de-figeac","status":"publish","type":"product","link":"https:\/\/reviens-y.fr\/en\/product\/mug-blanc-brillant-les-hieroglyphes-de-figeac\/","title":{"rendered":"Glossy white mug <br> Les hi\u00e9roglyphes de Figeac"},"content":{"rendered":"<p>Composition graphique inspir\u00e9e des hi\u00e9roglyphes de Figeac, en r\u00e9f\u00e9rence \u00e0 Champollion et \u00e0 son lien avec la ville. Les symboles et formes stylis\u00e9es \u00e9voquent l\u2019\u00e9criture \u00e9gyptienne \u00e0 travers une interpr\u00e9tation contemporaine, ancr\u00e9e dans l\u2019histoire et le patrimoine du Lot.<br \/>\n\u2013<br \/>\nMug en c\u00e9ramique, pratique et r\u00e9sistant, id\u00e9al pour savourer vos boissons chaudes au quotidien. Sa finition blanche brillante met en valeur les visuels imprim\u00e9s, qui conservent leur \u00e9clat m\u00eame apr\u00e8s plusieurs passages au lave-vaisselle ou au micro-ondes.<\/p>\n<p>\u2022 C\u00e9ramique sans BPA et sans plomb<br \/>\n\u2022 Passe au lave-vaisselle et au micro-ondes<br \/>\n\u2022 Finition blanche brillante<br \/>\n\u2022 Taille 11 oz : 9,6 cm de hauteur \u00d7 8,2 cm de diam\u00e8tre<br \/>\n\u2022 L\u00e9g\u00e8res variations de taille possibles (+\/- 2 mm)<\/p>","protected":false},"excerpt":{"rendered":"<p>Composition graphique inspir\u00e9e des hi\u00e9roglyphes de Figeac, en r\u00e9f\u00e9rence \u00e0 Champollion et \u00e0 son lien avec la ville. Les symboles et formes stylis\u00e9es \u00e9voquent l\u2019\u00e9criture \u00e9gyptienne \u00e0 travers une interpr\u00e9tation contemporaine, ancr\u00e9e dans l\u2019histoire et le patrimoine du Lot. \u2013 Mug en c\u00e9ramique, pratique et r\u00e9sistant, id\u00e9al pour savourer vos boissons chaudes au quotidien. Sa [&hellip;]<\/p>\n","protected":false},"featured_media":6274,"comment_status":"open","ping_status":"closed","template":"","meta":{"_acf_changed":false},"product_brand":[],"product_cat":[140,147,73],"product_tag":[],"class_list":{"0":"post-6273","1":"product","2":"type-product","3":"status-publish","4":"has-post-thumbnail","6":"product_cat-figeac","7":"product_cat-les-hieroglyphes-de-figeac","8":"product_cat-mugs","10":"first","11":"instock","12":"taxable","13":"shipping-taxable","14":"purchasable","15":"product-type-simple"},"acf":[],"_links":{"self":[{"href":"https:\/\/reviens-y.fr\/en\/wp-json\/wp\/v2\/product\/6273","targetHints":{"allow":["GET"]}}],"collection":[{"href":"https:\/\/reviens-y.fr\/en\/wp-json\/wp\/v2\/product"}],"about":[{"href":"https:\/\/reviens-y.fr\/en\/wp-json\/wp\/v2\/types\/product"}],"replies":[{"embeddable":true,"href":"https:\/\/reviens-y.fr\/en\/wp-json\/wp\/v2\/comments?post=6273"}],"wp:featuredmedia":[{"embeddable":true,"href":"https:\/\/reviens-y.fr\/en\/wp-json\/wp\/v2\/media\/6274"}],"wp:attachment":[{"href":"https:\/\/reviens-y.fr\/en\/wp-json\/wp\/v2\/media?parent=6273"}],"wp:term":[{"taxonomy":"product_brand","embeddable":true,"href":"https:\/\/reviens-y.fr\/en\/wp-json\/wp\/v2\/product_brand?post=6273"},{"taxonomy":"product_cat","embeddable":true,"href":"https:\/\/reviens-y.fr\/en\/wp-json\/wp\/v2\/product_cat?post=6273"},{"taxonomy":"product_tag","embeddable":true,"href":"https:\/\/reviens-y.fr\/en\/wp-json\/wp\/v2\/product_tag?post=6273"}],"curies":[{"name":"wp","href":"https:\/\/api.w.org\/{rel}","templated":true}]}}