{"id":6284,"date":"2026-03-23T11:44:42","date_gmt":"2026-03-23T11:44:42","guid":{"rendered":"https:\/\/reviens-y.fr\/produit\/carte-postale-les-hieroglyphes-de-figeac\/"},"modified":"2026-03-23T11:44:48","modified_gmt":"2026-03-23T11:44:48","slug":"carte-postale-les-hieroglyphes-de-figeac","status":"publish","type":"product","link":"https:\/\/reviens-y.fr\/en\/product\/carte-postale-les-hieroglyphes-de-figeac\/","title":{"rendered":"Carte postale <br> Les hi\u00e9roglyphes de Figeac"},"content":{"rendered":"<p>Composition graphique inspir\u00e9e des hi\u00e9roglyphes de Figeac, en r\u00e9f\u00e9rence \u00e0 Champollion et \u00e0 son lien avec la ville. Les symboles et formes stylis\u00e9es \u00e9voquent l\u2019\u00e9criture \u00e9gyptienne \u00e0 travers une interpr\u00e9tation contemporaine, ancr\u00e9e dans l\u2019histoire et le patrimoine du Lot.<br \/>\n\u2013<br \/>\nUne carte postale con\u00e7ue pour durer, avec une impression nette et des couleurs fid\u00e8les. Fabriqu\u00e9e sur un papier cartonn\u00e9 \u00e9pais de qualit\u00e9 professionnelle (260 \u00e0 350 g\/m\u00b2), elle offre une surface ext\u00e9rieure l\u00e9g\u00e8rement satin\u00e9e, id\u00e9ale pour les visuels d\u00e9taill\u00e9s, et un verso pens\u00e9 pour l\u2019\u00e9criture.<br \/>\nAvec son format standard 10 \u00d7 15 cm, elle s\u2019adapte \u00e0 tous les usages : envoi postal, carte souvenir, communication visuelle ou \u00e9l\u00e9ment d\u00e9coratif.<\/p>\n<p>\u2013 Technique d\u2019impression : impression laser num\u00e9rique \u00e0 base de toner<br \/>\n\u2013 Finition : mate, avec surface ext\u00e9rieure l\u00e9g\u00e8rement brillante<br \/>\n\u2013 Type de papier : carton rigide premium<br \/>\n\u2013 Poids du papier : 260 \u2013 350 g\/m\u00b2<br \/>\n\u2013 \u00c9paisseur : 0,34 mm<br \/>\n\u2013 Format : 10 \u00d7 15 cm (4 \u00d7 6\u201d)<br \/>\n\u2013 Surface ext\u00e9rieure : lamin\u00e9e, excellente pour l\u2019impression d\u2019images<br \/>\n\u2013 Surface int\u00e9rieure : l\u00e9g\u00e8rement enduite, parfaite pour l\u2019\u00e9criture au stylo-bille<\/p>","protected":false},"excerpt":{"rendered":"<p>Composition graphique inspir\u00e9e des hi\u00e9roglyphes de Figeac, en r\u00e9f\u00e9rence \u00e0 Champollion et \u00e0 son lien avec la ville. Les symboles et formes stylis\u00e9es \u00e9voquent l\u2019\u00e9criture \u00e9gyptienne \u00e0 travers une interpr\u00e9tation contemporaine, ancr\u00e9e dans l\u2019histoire et le patrimoine du Lot. \u2013 Une carte postale con\u00e7ue pour durer, avec une impression nette et des couleurs fid\u00e8les. Fabriqu\u00e9e [&hellip;]<\/p>\n","protected":false},"featured_media":6285,"comment_status":"open","ping_status":"closed","template":"","meta":{"_acf_changed":false},"product_brand":[],"product_cat":[95,140,147],"product_tag":[],"class_list":{"0":"post-6284","1":"product","2":"type-product","3":"status-publish","4":"has-post-thumbnail","6":"product_cat-cartes-postales","7":"product_cat-figeac","8":"product_cat-les-hieroglyphes-de-figeac","10":"first","11":"instock","12":"taxable","13":"shipping-taxable","14":"purchasable","15":"product-type-simple"},"acf":[],"_links":{"self":[{"href":"https:\/\/reviens-y.fr\/en\/wp-json\/wp\/v2\/product\/6284","targetHints":{"allow":["GET"]}}],"collection":[{"href":"https:\/\/reviens-y.fr\/en\/wp-json\/wp\/v2\/product"}],"about":[{"href":"https:\/\/reviens-y.fr\/en\/wp-json\/wp\/v2\/types\/product"}],"replies":[{"embeddable":true,"href":"https:\/\/reviens-y.fr\/en\/wp-json\/wp\/v2\/comments?post=6284"}],"wp:featuredmedia":[{"embeddable":true,"href":"https:\/\/reviens-y.fr\/en\/wp-json\/wp\/v2\/media\/6285"}],"wp:attachment":[{"href":"https:\/\/reviens-y.fr\/en\/wp-json\/wp\/v2\/media?parent=6284"}],"wp:term":[{"taxonomy":"product_brand","embeddable":true,"href":"https:\/\/reviens-y.fr\/en\/wp-json\/wp\/v2\/product_brand?post=6284"},{"taxonomy":"product_cat","embeddable":true,"href":"https:\/\/reviens-y.fr\/en\/wp-json\/wp\/v2\/product_cat?post=6284"},{"taxonomy":"product_tag","embeddable":true,"href":"https:\/\/reviens-y.fr\/en\/wp-json\/wp\/v2\/product_tag?post=6284"}],"curies":[{"name":"wp","href":"https:\/\/api.w.org\/{rel}","templated":true}]}}