{"id":6286,"date":"2026-03-23T11:45:58","date_gmt":"2026-03-23T11:45:58","guid":{"rendered":"https:\/\/reviens-y.fr\/produit\/sweat-unisexe-les-hieroglyphes-de-figeac\/"},"modified":"2026-03-23T11:46:20","modified_gmt":"2026-03-23T11:46:20","slug":"sweat-unisexe-les-hieroglyphes-de-figeac","status":"publish","type":"product","link":"https:\/\/reviens-y.fr\/en\/product\/sweat-unisexe-les-hieroglyphes-de-figeac\/","title":{"rendered":"Unisex sweatshirt <br> Les hi\u00e9roglyphes de Figeac"},"content":{"rendered":"<p>Composition graphique inspir\u00e9e des hi\u00e9roglyphes de Figeac, en r\u00e9f\u00e9rence \u00e0 Champollion et \u00e0 son lien avec la ville. Les symboles et formes stylis\u00e9es \u00e9voquent l\u2019\u00e9criture \u00e9gyptienne \u00e0 travers une interpr\u00e9tation contemporaine, ancr\u00e9e dans l\u2019histoire et le patrimoine du Lot.<br \/>\n\u2013<br \/>\nSweat-shirt unisexe en coton et polyester, con\u00e7u pour offrir douceur et chaleur au quotidien. Sa coupe classique et son col en tricot c\u00f4tel\u00e9 assurent un bon maintien, tandis que la conception quart-de-tour \u00e9vite le pli central. Facile \u00e0 entretenir, il conserve sa forme lavage apr\u00e8s lavage.<\/p>\n<p>\u2022 271 g\/m\u00b2<br \/>\n\u2022 50 % coton, 50 % polyester<br \/>\n\u2022 Tissu pr\u00e9r\u00e9tr\u00e9ci, fil\u00e9 par jet d\u2019air pour un toucher doux<br \/>\n\u2022 Col, \u00e9paules, emmanchures, poignets et ourlet \u00e0 couture double<br \/>\n\u2022 Col en tricot c\u00f4tel\u00e9 1\u00d71 avec \u00e9lasthanne<br \/>\n\u2022 Quart-de-tour pour \u00e9viter un pli au milieu<br \/>\n\u2022 Le blanc peut appara\u00eetre blanc cass\u00e9 naturel<\/p>","protected":false},"excerpt":{"rendered":"<p>Composition graphique inspir\u00e9e des hi\u00e9roglyphes de Figeac, en r\u00e9f\u00e9rence \u00e0 Champollion et \u00e0 son lien avec la ville. Les symboles et formes stylis\u00e9es \u00e9voquent l\u2019\u00e9criture \u00e9gyptienne \u00e0 travers une interpr\u00e9tation contemporaine, ancr\u00e9e dans l\u2019histoire et le patrimoine du Lot. \u2013 Sweat-shirt unisexe en coton et polyester, con\u00e7u pour offrir douceur et chaleur au quotidien. Sa [&hellip;]<\/p>\n","protected":false},"featured_media":6299,"comment_status":"open","ping_status":"closed","template":"","meta":{"_acf_changed":false},"product_brand":[],"product_cat":[140,147,70],"product_tag":[],"class_list":{"0":"post-6286","1":"product","2":"type-product","3":"status-publish","4":"has-post-thumbnail","6":"product_cat-figeac","7":"product_cat-les-hieroglyphes-de-figeac","8":"product_cat-sweats","10":"first","11":"instock","12":"taxable","13":"shipping-taxable","14":"purchasable","15":"product-type-variable"},"acf":[],"_links":{"self":[{"href":"https:\/\/reviens-y.fr\/en\/wp-json\/wp\/v2\/product\/6286","targetHints":{"allow":["GET"]}}],"collection":[{"href":"https:\/\/reviens-y.fr\/en\/wp-json\/wp\/v2\/product"}],"about":[{"href":"https:\/\/reviens-y.fr\/en\/wp-json\/wp\/v2\/types\/product"}],"replies":[{"embeddable":true,"href":"https:\/\/reviens-y.fr\/en\/wp-json\/wp\/v2\/comments?post=6286"}],"wp:featuredmedia":[{"embeddable":true,"href":"https:\/\/reviens-y.fr\/en\/wp-json\/wp\/v2\/media\/6299"}],"wp:attachment":[{"href":"https:\/\/reviens-y.fr\/en\/wp-json\/wp\/v2\/media?parent=6286"}],"wp:term":[{"taxonomy":"product_brand","embeddable":true,"href":"https:\/\/reviens-y.fr\/en\/wp-json\/wp\/v2\/product_brand?post=6286"},{"taxonomy":"product_cat","embeddable":true,"href":"https:\/\/reviens-y.fr\/en\/wp-json\/wp\/v2\/product_cat?post=6286"},{"taxonomy":"product_tag","embeddable":true,"href":"https:\/\/reviens-y.fr\/en\/wp-json\/wp\/v2\/product_tag?post=6286"}],"curies":[{"name":"wp","href":"https:\/\/api.w.org\/{rel}","templated":true}]}}