{"id":6310,"date":"2026-03-23T12:38:26","date_gmt":"2026-03-23T12:38:26","guid":{"rendered":"https:\/\/reviens-y.fr\/produit\/t-shirt-unisexe-les-fleurs-du-quercy\/"},"modified":"2026-03-23T12:38:45","modified_gmt":"2026-03-23T12:38:45","slug":"t-shirt-unisexe-les-fleurs-du-quercy","status":"publish","type":"product","link":"https:\/\/reviens-y.fr\/en\/product\/t-shirt-unisexe-les-fleurs-du-quercy\/","title":{"rendered":"T-shirt unisex <br> Les fleurs du Quercy"},"content":{"rendered":"<p>Illustration botanique des fleurs du Quercy, mettant en sc\u00e8ne des esp\u00e8ces embl\u00e9matiques des causses du Sud-Ouest. Chaque plante est repr\u00e9sent\u00e9e avec pr\u00e9cision, entre r\u00e9alisme et composition graphique, valorisant la richesse florale du Lot et son patrimoine naturel.<br \/>\n\u2013<br \/>\nT-shirt unisexe en coton, con\u00e7u pour un usage quotidien. Sa coupe r\u00e9guli\u00e8re facilite les mouvements, tandis que son tissu conserve sa forme lavage apr\u00e8s lavage. L\u00e9ger \u00e0 porter et simple \u00e0 entretenir, il convient \u00e0 toutes les saisons et s\u2019adapte \u00e0 diff\u00e9rents styles.<\/p>\n<p>\u2022 170\u2013180 g\/m\u00b2<br \/>\n\u2022 Fabrication tubulaire sans coutures lat\u00e9rales<br \/>\n\u2022 Coutures renforc\u00e9es et bande de propret\u00e9 au col et aux \u00e9paules<br \/>\n\u2022 Composition : 100 % coton ou Sport Grey (90 % coton, 10 % polyester)<br \/>\n\u2022 Lavage en machine \u00e0 30\u00b0C<br \/>\n\u2022 Sans polyester recycl\u00e9 ni substances dangereuses<br \/>\n\u2022 Le blanc peut pr\u00e9senter un aspect blanc cass\u00e9 naturel<\/p>","protected":false},"excerpt":{"rendered":"<p>Illustration botanique des fleurs du Quercy, mettant en sc\u00e8ne des esp\u00e8ces embl\u00e9matiques des causses du Sud-Ouest. Chaque plante est repr\u00e9sent\u00e9e avec pr\u00e9cision, entre r\u00e9alisme et composition graphique, valorisant la richesse florale du Lot et son patrimoine naturel. \u2013 T-shirt unisexe en coton, con\u00e7u pour un usage quotidien. Sa coupe r\u00e9guli\u00e8re facilite les mouvements, tandis que [&hellip;]<\/p>\n","protected":false},"featured_media":6319,"comment_status":"open","ping_status":"closed","template":"","meta":{"_acf_changed":false},"product_brand":[],"product_cat":[140,148,68],"product_tag":[],"class_list":{"0":"post-6310","1":"product","2":"type-product","3":"status-publish","4":"has-post-thumbnail","6":"product_cat-figeac","7":"product_cat-les-fleurs-du-quercy","8":"product_cat-t-shirts","10":"first","11":"instock","12":"taxable","13":"shipping-taxable","14":"purchasable","15":"product-type-variable"},"acf":[],"_links":{"self":[{"href":"https:\/\/reviens-y.fr\/en\/wp-json\/wp\/v2\/product\/6310","targetHints":{"allow":["GET"]}}],"collection":[{"href":"https:\/\/reviens-y.fr\/en\/wp-json\/wp\/v2\/product"}],"about":[{"href":"https:\/\/reviens-y.fr\/en\/wp-json\/wp\/v2\/types\/product"}],"replies":[{"embeddable":true,"href":"https:\/\/reviens-y.fr\/en\/wp-json\/wp\/v2\/comments?post=6310"}],"wp:featuredmedia":[{"embeddable":true,"href":"https:\/\/reviens-y.fr\/en\/wp-json\/wp\/v2\/media\/6319"}],"wp:attachment":[{"href":"https:\/\/reviens-y.fr\/en\/wp-json\/wp\/v2\/media?parent=6310"}],"wp:term":[{"taxonomy":"product_brand","embeddable":true,"href":"https:\/\/reviens-y.fr\/en\/wp-json\/wp\/v2\/product_brand?post=6310"},{"taxonomy":"product_cat","embeddable":true,"href":"https:\/\/reviens-y.fr\/en\/wp-json\/wp\/v2\/product_cat?post=6310"},{"taxonomy":"product_tag","embeddable":true,"href":"https:\/\/reviens-y.fr\/en\/wp-json\/wp\/v2\/product_tag?post=6310"}],"curies":[{"name":"wp","href":"https:\/\/api.w.org\/{rel}","templated":true}]}}