{"id":6368,"date":"2026-03-23T13:09:12","date_gmt":"2026-03-23T13:09:12","guid":{"rendered":"https:\/\/reviens-y.fr\/produit\/casquette-les-fleurs-du-quercy\/"},"modified":"2026-03-23T13:09:22","modified_gmt":"2026-03-23T13:09:22","slug":"casquette-les-fleurs-du-quercy","status":"publish","type":"product","link":"https:\/\/reviens-y.fr\/en\/product\/casquette-les-fleurs-du-quercy\/","title":{"rendered":"Cap <br> Les fleurs du Quercy"},"content":{"rendered":"<p>Illustration botanique des fleurs du Quercy, mettant en sc\u00e8ne des esp\u00e8ces embl\u00e9matiques des causses du Sud-Ouest. Chaque plante est repr\u00e9sent\u00e9e avec pr\u00e9cision, entre r\u00e9alisme et composition graphique, valorisant la richesse florale du Lot et son patrimoine naturel.<br \/>\n\u2013<br \/>\nUnisex cap with a curved visor, combining comfort and style for everyday wear. Its unstructured shape and adjustable strap allow for easy fitting, while its twill cotton fabric offers great durability over time.<\/p>\n<p>\u2022 100% chino cotton twill<br \/>\n\u2022 Unstructured, low-profile, flat visor<br \/>\n\u2022 6 embroidered eyelets<br \/>\n\u2022 Couronne de 3 \u215b \u00bb<br \/>\n\u2022 Adjustable strap with antique-style metal buckle<\/p>","protected":false},"excerpt":{"rendered":"<p>Illustration botanique des fleurs du Quercy, mettant en sc\u00e8ne des esp\u00e8ces embl\u00e9matiques des causses du Sud-Ouest. Chaque plante est repr\u00e9sent\u00e9e avec pr\u00e9cision, entre r\u00e9alisme et composition graphique, valorisant la richesse florale du Lot et son patrimoine naturel. \u2013 Casquette unisexe \u00e0 visi\u00e8re incurv\u00e9e, alliant confort et style pour un usage quotidien. Sa forme d\u00e9structur\u00e9e et [&hellip;]<\/p>\n","protected":false},"featured_media":6369,"comment_status":"open","ping_status":"closed","template":"","meta":{"_acf_changed":false},"product_brand":[],"product_cat":[71,140,148],"product_tag":[],"class_list":{"0":"post-6368","1":"product","2":"type-product","3":"status-publish","4":"has-post-thumbnail","6":"product_cat-casquettes","7":"product_cat-figeac","8":"product_cat-les-fleurs-du-quercy","10":"first","11":"instock","12":"taxable","13":"shipping-taxable","14":"purchasable","15":"product-type-simple"},"acf":[],"_links":{"self":[{"href":"https:\/\/reviens-y.fr\/en\/wp-json\/wp\/v2\/product\/6368","targetHints":{"allow":["GET"]}}],"collection":[{"href":"https:\/\/reviens-y.fr\/en\/wp-json\/wp\/v2\/product"}],"about":[{"href":"https:\/\/reviens-y.fr\/en\/wp-json\/wp\/v2\/types\/product"}],"replies":[{"embeddable":true,"href":"https:\/\/reviens-y.fr\/en\/wp-json\/wp\/v2\/comments?post=6368"}],"wp:featuredmedia":[{"embeddable":true,"href":"https:\/\/reviens-y.fr\/en\/wp-json\/wp\/v2\/media\/6369"}],"wp:attachment":[{"href":"https:\/\/reviens-y.fr\/en\/wp-json\/wp\/v2\/media?parent=6368"}],"wp:term":[{"taxonomy":"product_brand","embeddable":true,"href":"https:\/\/reviens-y.fr\/en\/wp-json\/wp\/v2\/product_brand?post=6368"},{"taxonomy":"product_cat","embeddable":true,"href":"https:\/\/reviens-y.fr\/en\/wp-json\/wp\/v2\/product_cat?post=6368"},{"taxonomy":"product_tag","embeddable":true,"href":"https:\/\/reviens-y.fr\/en\/wp-json\/wp\/v2\/product_tag?post=6368"}],"curies":[{"name":"wp","href":"https:\/\/api.w.org\/{rel}","templated":true}]}}