{"id":6426,"date":"2026-03-24T12:19:15","date_gmt":"2026-03-24T12:19:15","guid":{"rendered":"https:\/\/reviens-y.fr\/produit\/affiche-cahors-en-couleur\/"},"modified":"2026-03-24T12:19:27","modified_gmt":"2026-03-24T12:19:27","slug":"affiche-cahors-en-couleur","status":"publish","type":"product","link":"https:\/\/reviens-y.fr\/en\/product\/affiche-cahors-en-couleur\/","title":{"rendered":"Affiche <br> Cahors en couleur"},"content":{"rendered":"<p>Ce visuel r\u00e9unit les symboles embl\u00e9matiques de Cahors dans un style \u00e9pur\u00e9 et color\u00e9 : Pont Valentr\u00e9, vignobles de Malbec, croix occitane, gastronomie et paysages du Quercy. Les formes simples et les aplats de couleurs vives rappellent l\u2019univers des illustrations contemporaines et des affiches minimalistes.<br \/>\nJoyeuse et dynamique, cette composition capture l\u2019essence de Cahors : patrimoine, vin, nature et art de vivre, avec une touche de modernit\u00e9.<br \/>\n\u2013<br \/>\nApportez une touche unique \u00e0 votre int\u00e9rieur avec cette affiche imprim\u00e9e en jet d\u2019encre multicolore \u00e0 base d\u2019eau, offrant un rendu pr\u00e9cis, des couleurs profondes et une finition mate \u00e9l\u00e9gante. Chaque affiche est r\u00e9alis\u00e9e sur un papier de qualit\u00e9 sup\u00e9rieure, con\u00e7u pour r\u00e9sister au temps et conserver toute sa luminosit\u00e9.<br \/>\nDisponible en deux formats : 30\u00d740 cm et 50\u00d770 cm ; elle s\u2019int\u00e8gre facilement dans tout type d\u2019espace, du bureau au salon, en passant par la chambre.<\/p>\n<p>\u2013 Technique d\u2019impression : jet d\u2019encre multicolore \u00e0 base d\u2019eau<br \/>\n\u2013 Finition : mate (absorbant la lumi\u00e8re, sans reflet)<br \/>\n\u2013 Type de papier : Couch\u00e9 premium<br \/>\n\u2013 \u00c9paisseur : 0,145 mm<br \/>\n\u2013 Grammage : 170 g\/m\u00b2<br \/>\n\u2013 Opacit\u00e9 : 97,5 %<br \/>\n\u2013 Luminosit\u00e9 ISO : 38 %<br \/>\n\u2013 Origine du papier : Japon<br \/>\n\u2013 Formats disponibles :<br \/>\n\u2022 30 \u00d7 40 cm<br \/>\n\u2022 50 \u00d7 70 cm<\/p>","protected":false},"excerpt":{"rendered":"<p>Ce visuel r\u00e9unit les symboles embl\u00e9matiques de Cahors dans un style \u00e9pur\u00e9 et color\u00e9 : Pont Valentr\u00e9, vignobles de Malbec, croix occitane, gastronomie et paysages du Quercy. Les formes simples et les aplats de couleurs vives rappellent l\u2019univers des illustrations contemporaines et des affiches minimalistes. Joyeuse et dynamique, cette composition capture l\u2019essence de Cahors : [&hellip;]<\/p>\n","protected":false},"featured_media":6429,"comment_status":"open","ping_status":"closed","template":"","meta":{"_acf_changed":false},"product_brand":[],"product_cat":[94,114,97],"product_tag":[],"class_list":{"0":"post-6426","1":"product","2":"type-product","3":"status-publish","4":"has-post-thumbnail","6":"product_cat-affiches","7":"product_cat-cahors","8":"product_cat-cahors-en-couleur","10":"first","11":"instock","12":"taxable","13":"shipping-taxable","14":"purchasable","15":"product-type-variable"},"acf":[],"_links":{"self":[{"href":"https:\/\/reviens-y.fr\/en\/wp-json\/wp\/v2\/product\/6426","targetHints":{"allow":["GET"]}}],"collection":[{"href":"https:\/\/reviens-y.fr\/en\/wp-json\/wp\/v2\/product"}],"about":[{"href":"https:\/\/reviens-y.fr\/en\/wp-json\/wp\/v2\/types\/product"}],"replies":[{"embeddable":true,"href":"https:\/\/reviens-y.fr\/en\/wp-json\/wp\/v2\/comments?post=6426"}],"wp:featuredmedia":[{"embeddable":true,"href":"https:\/\/reviens-y.fr\/en\/wp-json\/wp\/v2\/media\/6429"}],"wp:attachment":[{"href":"https:\/\/reviens-y.fr\/en\/wp-json\/wp\/v2\/media?parent=6426"}],"wp:term":[{"taxonomy":"product_brand","embeddable":true,"href":"https:\/\/reviens-y.fr\/en\/wp-json\/wp\/v2\/product_brand?post=6426"},{"taxonomy":"product_cat","embeddable":true,"href":"https:\/\/reviens-y.fr\/en\/wp-json\/wp\/v2\/product_cat?post=6426"},{"taxonomy":"product_tag","embeddable":true,"href":"https:\/\/reviens-y.fr\/en\/wp-json\/wp\/v2\/product_tag?post=6426"}],"curies":[{"name":"wp","href":"https:\/\/api.w.org\/{rel}","templated":true}]}}