{"id":6433,"date":"2026-03-24T12:27:20","date_gmt":"2026-03-24T12:27:20","guid":{"rendered":"https:\/\/reviens-y.fr\/produit\/affiche-le-plus-beau-village-de-france\/"},"modified":"2026-03-24T12:27:33","modified_gmt":"2026-03-24T12:27:33","slug":"affiche-le-plus-beau-village-de-france","status":"publish","type":"product","link":"https:\/\/reviens-y.fr\/en\/product\/affiche-le-plus-beau-village-de-france\/","title":{"rendered":"Affiche <br> Le plus beau village de France"},"content":{"rendered":"<p>Ce visuel met en avant Saint-Cirq-Lapopie avec une composition graphique \u00e9l\u00e9gante et color\u00e9e. Les toits rouges, la rivi\u00e8re et les falaises se m\u00ealent dans une illustration lumineuse qui capture l\u2019atmosph\u00e8re unique du village. La sc\u00e8ne baign\u00e9e de soleil renforce l\u2019impression de calme et d\u2019authenticit\u00e9.<br \/>\nLe style m\u00eale modernit\u00e9 et inspiration r\u00e9tro, jouant sur des aplats de couleurs et des lignes \u00e9pur\u00e9es. Un design qui transforme le paysage en image iconique, fid\u00e8le \u00e0 l\u2019identit\u00e9 de Saint-Cirq-Lapopie et facilement reconnaissable.<br \/>\n\u2013<br \/>\nApportez une touche unique \u00e0 votre int\u00e9rieur avec cette affiche imprim\u00e9e en jet d\u2019encre multicolore \u00e0 base d\u2019eau, offrant un rendu pr\u00e9cis, des couleurs profondes et une finition mate \u00e9l\u00e9gante. Chaque affiche est r\u00e9alis\u00e9e sur un papier de qualit\u00e9 sup\u00e9rieure, con\u00e7u pour r\u00e9sister au temps et conserver toute sa luminosit\u00e9.<br \/>\nDisponible en deux formats : 30\u00d740 cm et 50\u00d770 cm ; elle s\u2019int\u00e8gre facilement dans tout type d\u2019espace, du bureau au salon, en passant par la chambre.<\/p>\n<p>\u2013 Technique d\u2019impression : jet d\u2019encre multicolore \u00e0 base d\u2019eau<br \/>\n\u2013 Finition : mate (absorbant la lumi\u00e8re, sans reflet)<br \/>\n\u2013 Type de papier : Couch\u00e9 premium<br \/>\n\u2013 \u00c9paisseur : 0,145 mm<br \/>\n\u2013 Grammage : 170 g\/m\u00b2<br \/>\n\u2013 Opacit\u00e9 : 97,5 %<br \/>\n\u2013 Luminosit\u00e9 ISO : 38 %<br \/>\n\u2013 Origine du papier : Japon<br \/>\n\u2013 Formats disponibles :<br \/>\n\u2022 30 \u00d7 40 cm<br \/>\n\u2022 50 \u00d7 70 cm<\/p>","protected":false},"excerpt":{"rendered":"<p>Ce visuel met en avant Saint-Cirq-Lapopie avec une composition graphique \u00e9l\u00e9gante et color\u00e9e. Les toits rouges, la rivi\u00e8re et les falaises se m\u00ealent dans une illustration lumineuse qui capture l\u2019atmosph\u00e8re unique du village. La sc\u00e8ne baign\u00e9e de soleil renforce l\u2019impression de calme et d\u2019authenticit\u00e9. Le style m\u00eale modernit\u00e9 et inspiration r\u00e9tro, jouant sur des aplats [&hellip;]<\/p>\n","protected":false},"featured_media":6436,"comment_status":"open","ping_status":"closed","template":"","meta":{"_acf_changed":false},"product_brand":[],"product_cat":[94,107,116],"product_tag":[],"class_list":{"0":"post-6433","1":"product","2":"type-product","3":"status-publish","4":"has-post-thumbnail","6":"product_cat-affiches","7":"product_cat-le-plus-beau-village","8":"product_cat-saint-cirq-lapopie","10":"first","11":"instock","12":"taxable","13":"shipping-taxable","14":"purchasable","15":"product-type-variable"},"acf":[],"_links":{"self":[{"href":"https:\/\/reviens-y.fr\/en\/wp-json\/wp\/v2\/product\/6433","targetHints":{"allow":["GET"]}}],"collection":[{"href":"https:\/\/reviens-y.fr\/en\/wp-json\/wp\/v2\/product"}],"about":[{"href":"https:\/\/reviens-y.fr\/en\/wp-json\/wp\/v2\/types\/product"}],"replies":[{"embeddable":true,"href":"https:\/\/reviens-y.fr\/en\/wp-json\/wp\/v2\/comments?post=6433"}],"wp:featuredmedia":[{"embeddable":true,"href":"https:\/\/reviens-y.fr\/en\/wp-json\/wp\/v2\/media\/6436"}],"wp:attachment":[{"href":"https:\/\/reviens-y.fr\/en\/wp-json\/wp\/v2\/media?parent=6433"}],"wp:term":[{"taxonomy":"product_brand","embeddable":true,"href":"https:\/\/reviens-y.fr\/en\/wp-json\/wp\/v2\/product_brand?post=6433"},{"taxonomy":"product_cat","embeddable":true,"href":"https:\/\/reviens-y.fr\/en\/wp-json\/wp\/v2\/product_cat?post=6433"},{"taxonomy":"product_tag","embeddable":true,"href":"https:\/\/reviens-y.fr\/en\/wp-json\/wp\/v2\/product_tag?post=6433"}],"curies":[{"name":"wp","href":"https:\/\/api.w.org\/{rel}","templated":true}]}}